{"id":1236,"date":"2021-05-05T10:20:57","date_gmt":"2021-05-05T13:20:57","guid":{"rendered":"https:\/\/schoolastic-app.com"},"modified":"2023-09-29T21:42:18","modified_gmt":"2023-09-30T00:42:18","slug":"design-de-educacao-o-futuro-dos-professores","status":"publish","type":"page","link":"https:\/\/schoolastic-app.com\/en\/design-de-educacao-o-futuro-dos-professores\/","title":{"rendered":"Design de educa\u00e7\u00e3o: O futuro dos professores."},"content":{"rendered":"\t\t<div data-elementor-type=\"wp-page\" data-elementor-id=\"1236\" class=\"elementor elementor-1236\">\n\t\t\t\t\t\t<section class=\"elementor-section elementor-top-section elementor-element elementor-element-e54f31f elementor-section-boxed elementor-section-height-default elementor-section-height-default\" data-id=\"e54f31f\" data-element_type=\"section\">\n\t\t\t\t\t\t<div class=\"elementor-container elementor-column-gap-default\">\n\t\t\t\t\t<div class=\"elementor-column elementor-col-50 elementor-top-column elementor-element elementor-element-fb8a5dc\" data-id=\"fb8a5dc\" data-element_type=\"column\">\n\t\t\t<div class=\"elementor-widget-wrap elementor-element-populated\">\n\t\t\t\t\t\t<div class=\"elementor-element elementor-element-7204396 elementor-widget elementor-widget-image\" data-id=\"7204396\" data-element_type=\"widget\" data-widget_type=\"image.default\">\n\t\t\t\t<div class=\"elementor-widget-container\">\n\t\t\t\t\t\t\t\t\t\t\t\t\t\t\t<img fetchpriority=\"high\" decoding=\"async\" width=\"1360\" height=\"765\" src=\"https:\/\/schoolastic-app.com\/wp-content\/uploads\/2021\/05\/materia1_1360x765.jpg\" class=\"attachment-2048x2048 size-2048x2048 wp-image-1510\" alt=\"Habilidades e compet\u00eancias socioemocionais da BNCC\" srcset=\"https:\/\/schoolastic-app.com\/wp-content\/uploads\/2021\/05\/materia1_1360x765.jpg 1360w, https:\/\/schoolastic-app.com\/wp-content\/uploads\/2021\/05\/materia1_1360x765-300x169.jpg 300w, https:\/\/schoolastic-app.com\/wp-content\/uploads\/2021\/05\/materia1_1360x765-1024x576.jpg 1024w, https:\/\/schoolastic-app.com\/wp-content\/uploads\/2021\/05\/materia1_1360x765-768x432.jpg 768w\" sizes=\"(max-width: 1360px) 100vw, 1360px\" \/>\t\t\t\t\t\t\t\t\t\t\t\t\t\t\t<\/div>\n\t\t\t\t<\/div>\n\t\t\t\t\t<\/div>\n\t\t<\/div>\n\t\t\t\t<div class=\"elementor-column elementor-col-50 elementor-top-column elementor-element elementor-element-9c9a835\" data-id=\"9c9a835\" data-element_type=\"column\">\n\t\t\t<div class=\"elementor-widget-wrap elementor-element-populated\">\n\t\t\t\t\t\t<div class=\"elementor-element elementor-element-61cec75 elementor-widget elementor-widget-text-editor\" data-id=\"61cec75\" data-element_type=\"widget\" data-widget_type=\"text-editor.default\">\n\t\t\t\t<div class=\"elementor-widget-container\">\n\t\t\t\t\t\t\t\t\t<p>A pandemia mudou todos os padr\u00f5es de convic\u00e7\u00f5es que ainda permeavam a consci\u00eancia humana. Um verdadeiro choque de realidade de que a \u00fanica &#8220;certeza&#8217; que temos \u00e9 a de que vivemos em um mundo completamente imprevis\u00edvel, incompreens\u00edvel, n\u00e3o-linear e extremamente fr\u00e1gil.<\/p><p>Quanto a educa\u00e7\u00e3o, h\u00e1 quse 10 anos j\u00e1 se preconiza que no futuro , teremos Inetlig\u00eancias Artificiais que determinar\u00e3o conte\u00fado h\u00edper personalizado para estudantes de todas as idades. Mas e os professores?<\/p>\t\t\t\t\t\t\t\t<\/div>\n\t\t\t\t<\/div>\n\t\t\t\t\t<\/div>\n\t\t<\/div>\n\t\t\t\t\t<\/div>\n\t\t<\/section>\n\t\t\t\t<section class=\"elementor-section elementor-top-section elementor-element elementor-element-5fd768b elementor-section-boxed elementor-section-height-default elementor-section-height-default\" data-id=\"5fd768b\" data-element_type=\"section\">\n\t\t\t\t\t\t<div class=\"elementor-container elementor-column-gap-default\">\n\t\t\t\t\t<div class=\"elementor-column elementor-col-50 elementor-top-column elementor-element elementor-element-75a89ef\" data-id=\"75a89ef\" data-element_type=\"column\">\n\t\t\t<div class=\"elementor-widget-wrap elementor-element-populated\">\n\t\t\t\t\t\t<div class=\"elementor-element elementor-element-ff2ac32 elementor-widget elementor-widget-text-editor\" data-id=\"ff2ac32\" data-element_type=\"widget\" data-widget_type=\"text-editor.default\">\n\t\t\t\t<div class=\"elementor-widget-container\">\n\t\t\t\t\t\t\t\t\t<p>N\u00f3s acreditamos aqui na Schoolastic, que alguns Professores &#8220;ensinar\u00e3o&#8221; as m\u00e1quinas&#8230; e outros ensinar\u00e3o as pessoas&#8230; principalmente a serem humanos&#8230; algo que nenhuma tecnologia (ser\u00e1?) ser\u00e1 capaz de conferir as m\u00e1quinas.<\/p><p>M\u00e1quinas s\u00e3o precisamente frias. Humanos s\u00e3o MARAVILHOSAMENTE &#8220;imperfeitos&#8221;&#8230; Ou s\u00e3o perfeitos cada qual com sua perfei\u00e7\u00e3o particular!<\/p><p>Os professores do futuro, cada vez mais, ter\u00e3o a miss\u00e3o de ensinar tudo aquilo que possa continuar diferenciando as pessoas das m\u00e1quinas.<\/p><p>\u00c9 sob esta premissa que come\u00e7a nossa jornada.<\/p>\t\t\t\t\t\t\t\t<\/div>\n\t\t\t\t<\/div>\n\t\t\t\t\t<\/div>\n\t\t<\/div>\n\t\t\t\t<div class=\"elementor-column elementor-col-50 elementor-top-column elementor-element elementor-element-e7fe0fe\" data-id=\"e7fe0fe\" data-element_type=\"column\">\n\t\t\t<div class=\"elementor-widget-wrap elementor-element-populated\">\n\t\t\t\t\t\t<div class=\"elementor-element elementor-element-ba7af73 elementor-widget elementor-widget-image\" data-id=\"ba7af73\" data-element_type=\"widget\" data-widget_type=\"image.default\">\n\t\t\t\t<div class=\"elementor-widget-container\">\n\t\t\t\t\t\t\t\t\t\t\t\t\t\t\t<img decoding=\"async\" width=\"623\" height=\"583\" src=\"https:\/\/schoolastic-app.com\/wp-content\/uploads\/2021\/05\/Preferencias.png\" class=\"attachment-1536x1536 size-1536x1536 wp-image-1516\" alt=\"Habilidades e compet\u00eancias socioemocionais da BNCC\" srcset=\"https:\/\/schoolastic-app.com\/wp-content\/uploads\/2021\/05\/Preferencias.png 623w, https:\/\/schoolastic-app.com\/wp-content\/uploads\/2021\/05\/Preferencias-300x281.png 300w\" sizes=\"(max-width: 623px) 100vw, 623px\" \/>\t\t\t\t\t\t\t\t\t\t\t\t\t\t\t<\/div>\n\t\t\t\t<\/div>\n\t\t\t\t\t<\/div>\n\t\t<\/div>\n\t\t\t\t\t<\/div>\n\t\t<\/section>\n\t\t\t\t<section class=\"elementor-section elementor-top-section elementor-element elementor-element-292f9a1 elementor-section-boxed elementor-section-height-default elementor-section-height-default\" data-id=\"292f9a1\" data-element_type=\"section\">\n\t\t\t\t\t\t<div class=\"elementor-container elementor-column-gap-default\">\n\t\t\t\t\t<div class=\"elementor-column elementor-col-50 elementor-top-column elementor-element elementor-element-1cdf79d\" data-id=\"1cdf79d\" data-element_type=\"column\">\n\t\t\t<div class=\"elementor-widget-wrap elementor-element-populated\">\n\t\t\t\t\t\t<div class=\"elementor-element elementor-element-14d1b8f elementor-widget elementor-widget-image\" data-id=\"14d1b8f\" data-element_type=\"widget\" data-widget_type=\"image.default\">\n\t\t\t\t<div class=\"elementor-widget-container\">\n\t\t\t\t\t\t\t\t\t\t\t\t\t\t\t<img decoding=\"async\" width=\"640\" height=\"540\" src=\"https:\/\/schoolastic-app.com\/wp-content\/uploads\/2021\/05\/DT.png\" class=\"attachment-large size-large wp-image-1334\" alt=\"\" srcset=\"https:\/\/schoolastic-app.com\/wp-content\/uploads\/2021\/05\/DT.png 645w, https:\/\/schoolastic-app.com\/wp-content\/uploads\/2021\/05\/DT-300x253.png 300w\" sizes=\"(max-width: 640px) 100vw, 640px\" \/>\t\t\t\t\t\t\t\t\t\t\t\t\t\t\t<\/div>\n\t\t\t\t<\/div>\n\t\t\t\t\t<\/div>\n\t\t<\/div>\n\t\t\t\t<div class=\"elementor-column elementor-col-50 elementor-top-column elementor-element elementor-element-3ad37dc\" data-id=\"3ad37dc\" data-element_type=\"column\">\n\t\t\t<div class=\"elementor-widget-wrap elementor-element-populated\">\n\t\t\t\t\t\t<div class=\"elementor-element elementor-element-83865cf elementor-widget elementor-widget-text-editor\" data-id=\"83865cf\" data-element_type=\"widget\" data-widget_type=\"text-editor.default\">\n\t\t\t\t<div class=\"elementor-widget-container\">\n\t\t\t\t\t\t\t\t\t<p>Escolhemos os conceitos do Design Thinking para ajudar os professores nesta jornada de reinven\u00e7\u00e3o e ressignifica\u00e7\u00e3o da profiss\u00e3o, uma vez que \u00e9 um modelo male\u00e1vel, em que o erro \u00e9 totalmente toler\u00e1vel (e at\u00e9 bem vindo) pois pode sempre ser identificado em momentos iniciais, antes da sua forma mas nociva.<\/p><p>Schoolastic \u00e9 um amparo fundamental aos professores nesta jornada, trazendo uma nova abordagem pedag\u00f3gica.<\/p><p>De forma pr\u00e1tica, ajudamos a responder as perguntas que permeiam o Design Thinking:<\/p>\t\t\t\t\t\t\t\t<\/div>\n\t\t\t\t<\/div>\n\t\t\t\t\t<\/div>\n\t\t<\/div>\n\t\t\t\t\t<\/div>\n\t\t<\/section>\n\t\t\t\t<section class=\"elementor-section elementor-top-section elementor-element elementor-element-3482798 elementor-section-boxed elementor-section-height-default elementor-section-height-default\" data-id=\"3482798\" data-element_type=\"section\">\n\t\t\t\t\t\t<div class=\"elementor-container elementor-column-gap-default\">\n\t\t\t\t\t<div class=\"elementor-column elementor-col-100 elementor-top-column elementor-element elementor-element-3ab9da4\" data-id=\"3ab9da4\" data-element_type=\"column\">\n\t\t\t<div class=\"elementor-widget-wrap elementor-element-populated\">\n\t\t\t\t\t\t<div class=\"elementor-element elementor-element-3f567f3 elementor-widget elementor-widget-text-editor\" data-id=\"3f567f3\" data-element_type=\"widget\" data-widget_type=\"text-editor.default\">\n\t\t\t\t<div class=\"elementor-widget-container\">\n\t\t\t\t\t\t\t\t\t<p>&#8211; <strong>Quem s\u00e3o<\/strong> os nossos alunos?<\/p><p>&#8211; <strong>O que<\/strong> os motivam? (quais suas principais habilidades e seus principais gaps)<\/p><p>&#8211; <strong>Como podemos<\/strong> lidar com cada um, ou cada grupo, explorando estas tem\u00e1ticas e gerando mais engajamento?<\/p><p>&#8211; <strong>Quais as ferramentas<\/strong> devemos utilizar para criar atividades motivadoras, repleta dos conte\u00fados e tem\u00e1ticas que precisamos que aprendam?<\/p><p>&#8211; <strong>Porque precisamos entregar<\/strong> desta determinada forma, mensurar impactos rapidamente e corrigir a rota, caso necess\u00e1rio?<\/p>\t\t\t\t\t\t\t\t<\/div>\n\t\t\t\t<\/div>\n\t\t\t\t<div class=\"elementor-element elementor-element-f791643 elementor-widget elementor-widget-image\" data-id=\"f791643\" data-element_type=\"widget\" data-widget_type=\"image.default\">\n\t\t\t\t<div class=\"elementor-widget-container\">\n\t\t\t\t\t\t\t\t\t\t\t\t\t\t\t<img loading=\"lazy\" decoding=\"async\" width=\"171\" height=\"191\" src=\"https:\/\/schoolastic-app.com\/wp-content\/uploads\/2021\/05\/Be-novo.png\" class=\"attachment-large size-large wp-image-2687\" alt=\"Compet\u00eancias Socioemocionais da BNCC\" \/>\t\t\t\t\t\t\t\t\t\t\t\t\t\t\t<\/div>\n\t\t\t\t<\/div>\n\t\t\t\t<section class=\"elementor-section elementor-inner-section elementor-element elementor-element-2e5fadf elementor-section-boxed elementor-section-height-default elementor-section-height-default\" data-id=\"2e5fadf\" data-element_type=\"section\">\n\t\t\t\t\t\t<div class=\"elementor-container elementor-column-gap-default\">\n\t\t\t\t\t<div class=\"elementor-column elementor-col-50 elementor-inner-column elementor-element elementor-element-cd74a57\" data-id=\"cd74a57\" data-element_type=\"column\">\n\t\t\t<div class=\"elementor-widget-wrap elementor-element-populated\">\n\t\t\t\t\t\t<div class=\"elementor-element elementor-element-de8bb87 elementor-align-center elementor-widget elementor-widget-button\" data-id=\"de8bb87\" data-element_type=\"widget\" data-widget_type=\"button.default\">\n\t\t\t\t<div class=\"elementor-widget-container\">\n\t\t\t\t\t\t\t\t\t<div class=\"elementor-button-wrapper\">\n\t\t\t\t\t<a class=\"elementor-button elementor-button-link elementor-size-md\" href=\"https:\/\/schoolastic-app.com\/?page_id=1348\">\n\t\t\t\t\t\t<span class=\"elementor-button-content-wrapper\">\n\t\t\t\t\t\t\t\t\t<span class=\"elementor-button-text\">Quer ver um infogr\u00e1fico de uma sugest\u00e3o de plano de implanta\u00e7\u00e3o?<\/span>\n\t\t\t\t\t<\/span>\n\t\t\t\t\t<\/a>\n\t\t\t\t<\/div>\n\t\t\t\t\t\t\t\t<\/div>\n\t\t\t\t<\/div>\n\t\t\t\t\t<\/div>\n\t\t<\/div>\n\t\t\t\t<div class=\"elementor-column elementor-col-50 elementor-inner-column elementor-element elementor-element-dc49cd9\" data-id=\"dc49cd9\" data-element_type=\"column\">\n\t\t\t<div class=\"elementor-widget-wrap elementor-element-populated\">\n\t\t\t\t\t\t<div class=\"elementor-element elementor-element-c6d3f98 elementor-align-center elementor-widget elementor-widget-button\" data-id=\"c6d3f98\" data-element_type=\"widget\" data-widget_type=\"button.default\">\n\t\t\t\t<div class=\"elementor-widget-container\">\n\t\t\t\t\t\t\t\t\t<div class=\"elementor-button-wrapper\">\n\t\t\t\t\t<a class=\"elementor-button elementor-button-link elementor-size-md\" href=\"https:\/\/schoolastic-app.com\/?page_id=1161\">\n\t\t\t\t\t\t<span class=\"elementor-button-content-wrapper\">\n\t\t\t\t\t\t\t\t\t<span class=\"elementor-button-text\">Fale conosco<\/span>\n\t\t\t\t\t<\/span>\n\t\t\t\t\t<\/a>\n\t\t\t\t<\/div>\n\t\t\t\t\t\t\t\t<\/div>\n\t\t\t\t<\/div>\n\t\t\t\t\t<\/div>\n\t\t<\/div>\n\t\t\t\t\t<\/div>\n\t\t<\/section>\n\t\t\t\t\t<\/div>\n\t\t<\/div>\n\t\t\t\t\t<\/div>\n\t\t<\/section>\n\t\t\t\t<\/div>\n\t\t","protected":false},"excerpt":{"rendered":"<p>A pandemia mudou todos os padr\u00f5es de convic\u00e7\u00f5es que ainda permeavam a consci\u00eancia humana. Um verdadeiro choque de realidade de que a \u00fanica &#8220;certeza&#8217; que temos \u00e9 a de que vivemos em um mundo completamente imprevis\u00edvel, incompreens\u00edvel, n\u00e3o-linear e extremamente fr\u00e1gil. Quanto a educa\u00e7\u00e3o, h\u00e1 quse 10 anos j\u00e1 se preconiza que no futuro , teremos Inetlig\u00eancias Artificiais que determinar\u00e3o&#8230;<\/p>\n","protected":false},"author":1,"featured_media":0,"parent":0,"menu_order":0,"comment_status":"closed","ping_status":"closed","template":"","meta":{"_monsterinsights_skip_tracking":false,"_monsterinsights_sitenote_active":false,"_monsterinsights_sitenote_note":"","_monsterinsights_sitenote_category":0,"footnotes":""},"class_list":["post-1236","page","type-page","status-publish","hentry"],"translation":{"provider":"WPGlobus","version":"3.0.0","language":"en","enabled_languages":["br","en"],"languages":{"br":{"title":true,"content":true,"excerpt":false},"en":{"title":false,"content":false,"excerpt":false}}},"_links":{"self":[{"href":"https:\/\/schoolastic-app.com\/en\/wp-json\/wp\/v2\/pages\/1236","targetHints":{"allow":["GET"]}}],"collection":[{"href":"https:\/\/schoolastic-app.com\/en\/wp-json\/wp\/v2\/pages"}],"about":[{"href":"https:\/\/schoolastic-app.com\/en\/wp-json\/wp\/v2\/types\/page"}],"author":[{"embeddable":true,"href":"https:\/\/schoolastic-app.com\/en\/wp-json\/wp\/v2\/users\/1"}],"replies":[{"embeddable":true,"href":"https:\/\/schoolastic-app.com\/en\/wp-json\/wp\/v2\/comments?post=1236"}],"version-history":[{"count":3,"href":"https:\/\/schoolastic-app.com\/en\/wp-json\/wp\/v2\/pages\/1236\/revisions"}],"predecessor-version":[{"id":3916,"href":"https:\/\/schoolastic-app.com\/en\/wp-json\/wp\/v2\/pages\/1236\/revisions\/3916"}],"wp:attachment":[{"href":"https:\/\/schoolastic-app.com\/en\/wp-json\/wp\/v2\/media?parent=1236"}],"curies":[{"name":"wp","href":"https:\/\/api.w.org\/{rel}","templated":true}]}}