{"id":1239,"date":"2021-05-05T10:22:26","date_gmt":"2021-05-05T13:22:26","guid":{"rendered":"https:\/\/schoolastic-app.com"},"modified":"2023-09-29T21:39:28","modified_gmt":"2023-09-30T00:39:28","slug":"engajamento-familiar-a-importancia-da-familia-para-o-desenvolvimento-integral","status":"publish","type":"page","link":"https:\/\/schoolastic-app.com\/en\/engajamento-familiar-a-importancia-da-familia-para-o-desenvolvimento-integral\/","title":{"rendered":"Engajamento familiar: A import\u00e2ncia da fam\u00edlia para o desenvolvimento integral."},"content":{"rendered":"\t\t<div data-elementor-type=\"wp-page\" data-elementor-id=\"1239\" class=\"elementor elementor-1239\">\n\t\t\t\t\t\t<section class=\"elementor-section elementor-top-section elementor-element elementor-element-36bdf8c elementor-section-boxed elementor-section-height-default elementor-section-height-default\" data-id=\"36bdf8c\" data-element_type=\"section\">\n\t\t\t\t\t\t<div class=\"elementor-container elementor-column-gap-default\">\n\t\t\t\t\t<div class=\"elementor-column elementor-col-100 elementor-top-column elementor-element elementor-element-db005c5\" data-id=\"db005c5\" data-element_type=\"column\">\n\t\t\t<div class=\"elementor-widget-wrap elementor-element-populated\">\n\t\t\t\t\t\t<div class=\"elementor-element elementor-element-3a044f3 elementor-widget elementor-widget-text-editor\" data-id=\"3a044f3\" data-element_type=\"widget\" data-widget_type=\"text-editor.default\">\n\t\t\t\t<div class=\"elementor-widget-container\">\n\t\t\t\t\t\t\t\t\t<p>Parece chover no molhado falar sobre a import\u00e2ncia da fam\u00edlia no desenvolvimento dos filhos, mas mesmo sob o risco de estarmos sendo repetitivos, vamos explora esta pauta.<\/p>\n<p>As escolas dizem: &#8211; mas os pais n\u00e3o querem saber de ter trabalho.<br \/>Dizem os pais: &#8211; a escolas n\u00e3o nos ouvem.<\/p>\n<p>E olhando para este cen\u00e1rio, de que nenhuma das partes est\u00e1 100% errada, \u00e9 que a Schoolastic desenvolveu sua abordagem.<\/p>\n<p>Acreditamos que a digitaliza\u00e7\u00e3o bem empregada, pode criar canais de comunica\u00e7\u00e3o muito mais refinados do que meramente uma agenda digital \u00e9 capaz de criar<\/p>\t\t\t\t\t\t\t\t<\/div>\n\t\t\t\t<\/div>\n\t\t\t\t\t<\/div>\n\t\t<\/div>\n\t\t\t\t\t<\/div>\n\t\t<\/section>\n\t\t\t\t<section class=\"elementor-section elementor-top-section elementor-element elementor-element-95532bd elementor-section-boxed elementor-section-height-default elementor-section-height-default\" data-id=\"95532bd\" data-element_type=\"section\">\n\t\t\t\t\t\t<div class=\"elementor-container elementor-column-gap-default\">\n\t\t\t\t\t<div class=\"elementor-column elementor-col-50 elementor-top-column elementor-element elementor-element-76a029c\" data-id=\"76a029c\" data-element_type=\"column\">\n\t\t\t<div class=\"elementor-widget-wrap elementor-element-populated\">\n\t\t\t\t\t\t<div class=\"elementor-element elementor-element-d41af94 elementor-widget elementor-widget-text-editor\" data-id=\"d41af94\" data-element_type=\"widget\" data-widget_type=\"text-editor.default\">\n\t\t\t\t<div class=\"elementor-widget-container\">\n\t\t\t\t\t\t\t\t\t<p>Com Schoolastic, pais e escolas conversam sobre os estudantes atrav\u00e9s das perguntas que ambos respondem cotidianamente sobre os padr\u00f5es de comportamento e interesses dos alunos.<\/p><p>A pr\u00f3pria plataforma trata o antagonismo de vis\u00f5es, sem abrir espa\u00e7o para debates de quem est\u00e1 certo ou errado.<\/p><p>A prioridade \u00e9 compreender quais as nuances do padr\u00e3o comportamental quando est\u00e1 em casa, na escola e at\u00e9 mesmo compreender os contextos em que uma crian\u00e7a ou jovem reage melhor ou pior a alguma situa\u00e7\u00e3o.<\/p><p>O aluno reage bem a criticas na vis\u00e3o da professora e n\u00e3o t\u00e3o bem na vis\u00e3o do pai?\u00a0 Professor condescendente ou pai que n\u00e3o sabe fazer cr\u00edticas?\u00a0 Exercitar reflex\u00f5es sem fazer ru\u00eddo \u00e9 o melhor!\u00a0<\/p>\t\t\t\t\t\t\t\t<\/div>\n\t\t\t\t<\/div>\n\t\t\t\t\t<\/div>\n\t\t<\/div>\n\t\t\t\t<div class=\"elementor-column elementor-col-50 elementor-top-column elementor-element elementor-element-f02e187\" data-id=\"f02e187\" data-element_type=\"column\">\n\t\t\t<div class=\"elementor-widget-wrap elementor-element-populated\">\n\t\t\t\t\t\t<div class=\"elementor-element elementor-element-0af5879 elementor-widget elementor-widget-image\" data-id=\"0af5879\" data-element_type=\"widget\" data-widget_type=\"image.default\">\n\t\t\t\t<div class=\"elementor-widget-container\">\n\t\t\t\t\t\t\t\t\t\t\t\t\t\t\t<img fetchpriority=\"high\" decoding=\"async\" width=\"800\" height=\"570\" src=\"https:\/\/schoolastic-app.com\/wp-content\/uploads\/2021\/05\/teo.jpg\" class=\"attachment-full size-full wp-image-1537\" alt=\"\" srcset=\"https:\/\/schoolastic-app.com\/wp-content\/uploads\/2021\/05\/teo.jpg 800w, https:\/\/schoolastic-app.com\/wp-content\/uploads\/2021\/05\/teo-300x214.jpg 300w, https:\/\/schoolastic-app.com\/wp-content\/uploads\/2021\/05\/teo-768x547.jpg 768w\" sizes=\"(max-width: 800px) 100vw, 800px\" \/>\t\t\t\t\t\t\t\t\t\t\t\t\t\t\t<\/div>\n\t\t\t\t<\/div>\n\t\t\t\t\t<\/div>\n\t\t<\/div>\n\t\t\t\t\t<\/div>\n\t\t<\/section>\n\t\t\t\t<section class=\"elementor-section elementor-top-section elementor-element elementor-element-3935708 elementor-section-boxed elementor-section-height-default elementor-section-height-default\" data-id=\"3935708\" data-element_type=\"section\">\n\t\t\t\t\t\t<div class=\"elementor-container elementor-column-gap-default\">\n\t\t\t\t\t<div class=\"elementor-column elementor-col-100 elementor-top-column elementor-element elementor-element-d386a8c\" data-id=\"d386a8c\" data-element_type=\"column\">\n\t\t\t<div class=\"elementor-widget-wrap elementor-element-populated\">\n\t\t\t\t\t\t<div class=\"elementor-element elementor-element-6886b55 elementor-widget elementor-widget-text-editor\" data-id=\"6886b55\" data-element_type=\"widget\" data-widget_type=\"text-editor.default\">\n\t\t\t\t<div class=\"elementor-widget-container\">\n\t\t\t\t\t\t\t\t\t<p>Que tal a coordena\u00e7\u00e3o compreender qual a r\u00e9gua mais adequada o professor deve utilizar para avaliar um comportamento? <br \/>Ou ainda: Que tal um v\u00eddeo ou um texto &#8220;ensinando&#8221; a fam\u00edlia a fazer cr\u00edticas de forma eficiente?<\/p><p>O certo \u00e9 que com a Schoolastic, professores estendem suas vis\u00f5es para al\u00e9m dos limites da sala de aula; as fam\u00edlias recebem feedbacks de como podem apoiar mais efetivamente seus filhos; e TODOS s\u00e3o estimulados a lan\u00e7arem olhares mais atenciosos e acolhedores.<\/p>\t\t\t\t\t\t\t\t<\/div>\n\t\t\t\t<\/div>\n\t\t\t\t<div class=\"elementor-element elementor-element-49ddb13 elementor-widget elementor-widget-image\" data-id=\"49ddb13\" data-element_type=\"widget\" data-widget_type=\"image.default\">\n\t\t\t\t<div class=\"elementor-widget-container\">\n\t\t\t\t\t\t\t\t\t\t\t\t\t\t\t<img decoding=\"async\" width=\"171\" height=\"191\" src=\"https:\/\/schoolastic-app.com\/wp-content\/uploads\/2021\/05\/Be-novo.png\" class=\"attachment-large size-large wp-image-2687\" alt=\"Compet\u00eancias Socioemocionais da BNCC\" \/>\t\t\t\t\t\t\t\t\t\t\t\t\t\t\t<\/div>\n\t\t\t\t<\/div>\n\t\t\t\t<section class=\"elementor-section elementor-inner-section elementor-element elementor-element-0ea3621 elementor-section-boxed elementor-section-height-default elementor-section-height-default\" data-id=\"0ea3621\" data-element_type=\"section\">\n\t\t\t\t\t\t<div class=\"elementor-container elementor-column-gap-default\">\n\t\t\t\t\t<div class=\"elementor-column elementor-col-50 elementor-inner-column elementor-element elementor-element-c0a50ba\" data-id=\"c0a50ba\" data-element_type=\"column\">\n\t\t\t<div class=\"elementor-widget-wrap elementor-element-populated\">\n\t\t\t\t\t\t<div class=\"elementor-element elementor-element-0b43118 elementor-align-center elementor-widget elementor-widget-button\" data-id=\"0b43118\" data-element_type=\"widget\" data-widget_type=\"button.default\">\n\t\t\t\t<div class=\"elementor-widget-container\">\n\t\t\t\t\t\t\t\t\t<div class=\"elementor-button-wrapper\">\n\t\t\t\t\t<a class=\"elementor-button elementor-button-link elementor-size-md\" href=\"https:\/\/schoolastic-app.com\/?page_id=1348\">\n\t\t\t\t\t\t<span class=\"elementor-button-content-wrapper\">\n\t\t\t\t\t\t\t\t\t<span class=\"elementor-button-text\">Quer ver um infogr\u00e1fico de uma sugest\u00e3o de plano de implanta\u00e7\u00e3o?<\/span>\n\t\t\t\t\t<\/span>\n\t\t\t\t\t<\/a>\n\t\t\t\t<\/div>\n\t\t\t\t\t\t\t\t<\/div>\n\t\t\t\t<\/div>\n\t\t\t\t\t<\/div>\n\t\t<\/div>\n\t\t\t\t<div class=\"elementor-column elementor-col-50 elementor-inner-column elementor-element elementor-element-313a91f\" data-id=\"313a91f\" data-element_type=\"column\">\n\t\t\t<div class=\"elementor-widget-wrap elementor-element-populated\">\n\t\t\t\t\t\t<div class=\"elementor-element elementor-element-e17d6db elementor-align-center elementor-widget elementor-widget-button\" data-id=\"e17d6db\" data-element_type=\"widget\" data-widget_type=\"button.default\">\n\t\t\t\t<div class=\"elementor-widget-container\">\n\t\t\t\t\t\t\t\t\t<div class=\"elementor-button-wrapper\">\n\t\t\t\t\t<a class=\"elementor-button elementor-button-link elementor-size-md\" href=\"https:\/\/schoolastic-app.com\/?page_id=1161\">\n\t\t\t\t\t\t<span class=\"elementor-button-content-wrapper\">\n\t\t\t\t\t\t\t\t\t<span class=\"elementor-button-text\">Fale conosco<\/span>\n\t\t\t\t\t<\/span>\n\t\t\t\t\t<\/a>\n\t\t\t\t<\/div>\n\t\t\t\t\t\t\t\t<\/div>\n\t\t\t\t<\/div>\n\t\t\t\t\t<\/div>\n\t\t<\/div>\n\t\t\t\t\t<\/div>\n\t\t<\/section>\n\t\t\t\t\t<\/div>\n\t\t<\/div>\n\t\t\t\t\t<\/div>\n\t\t<\/section>\n\t\t\t\t<\/div>\n\t\t","protected":false},"excerpt":{"rendered":"<p>Parece chover no molhado falar sobre a import\u00e2ncia da fam\u00edlia no desenvolvimento dos filhos, mas mesmo sob o risco de estarmos sendo repetitivos, vamos explora esta pauta. As escolas dizem: &#8211; mas os pais n\u00e3o querem saber de ter trabalho.Dizem os pais: &#8211; a escolas n\u00e3o nos ouvem. E olhando para este cen\u00e1rio, de que nenhuma das partes est\u00e1 100%&#8230;<\/p>\n","protected":false},"author":1,"featured_media":0,"parent":0,"menu_order":0,"comment_status":"closed","ping_status":"closed","template":"","meta":{"_monsterinsights_skip_tracking":false,"_monsterinsights_sitenote_active":false,"_monsterinsights_sitenote_note":"","_monsterinsights_sitenote_category":0,"footnotes":""},"class_list":["post-1239","page","type-page","status-publish","hentry"],"translation":{"provider":"WPGlobus","version":"3.0.0","language":"en","enabled_languages":["br","en"],"languages":{"br":{"title":true,"content":true,"excerpt":false},"en":{"title":false,"content":false,"excerpt":false}}},"_links":{"self":[{"href":"https:\/\/schoolastic-app.com\/en\/wp-json\/wp\/v2\/pages\/1239","targetHints":{"allow":["GET"]}}],"collection":[{"href":"https:\/\/schoolastic-app.com\/en\/wp-json\/wp\/v2\/pages"}],"about":[{"href":"https:\/\/schoolastic-app.com\/en\/wp-json\/wp\/v2\/types\/page"}],"author":[{"embeddable":true,"href":"https:\/\/schoolastic-app.com\/en\/wp-json\/wp\/v2\/users\/1"}],"replies":[{"embeddable":true,"href":"https:\/\/schoolastic-app.com\/en\/wp-json\/wp\/v2\/comments?post=1239"}],"version-history":[{"count":9,"href":"https:\/\/schoolastic-app.com\/en\/wp-json\/wp\/v2\/pages\/1239\/revisions"}],"predecessor-version":[{"id":3913,"href":"https:\/\/schoolastic-app.com\/en\/wp-json\/wp\/v2\/pages\/1239\/revisions\/3913"}],"wp:attachment":[{"href":"https:\/\/schoolastic-app.com\/en\/wp-json\/wp\/v2\/media?parent=1239"}],"curies":[{"name":"wp","href":"https:\/\/api.w.org\/{rel}","templated":true}]}}