{"id":1242,"date":"2021-05-05T10:24:46","date_gmt":"2021-05-05T13:24:46","guid":{"rendered":"https:\/\/schoolastic-app.com"},"modified":"2023-09-29T21:43:23","modified_gmt":"2023-09-30T00:43:23","slug":"gestao-de-indicadores-de-habilidades-de-vida-e-competencias-socioemocionais-o-futuro-da-educacao","status":"publish","type":"page","link":"https:\/\/schoolastic-app.com\/en\/gestao-de-indicadores-de-habilidades-de-vida-e-competencias-socioemocionais-o-futuro-da-educacao\/","title":{"rendered":"Gest\u00e3o de indicadores de habilidades de vida e compet\u00eancias socioemocionais: O futuro da educa\u00e7\u00e3o."},"content":{"rendered":"\t\t<div data-elementor-type=\"wp-page\" data-elementor-id=\"1242\" class=\"elementor elementor-1242\">\n\t\t\t\t\t\t<section class=\"elementor-section elementor-top-section elementor-element elementor-element-0965d34 elementor-section-boxed elementor-section-height-default elementor-section-height-default\" data-id=\"0965d34\" data-element_type=\"section\">\n\t\t\t\t\t\t<div class=\"elementor-container elementor-column-gap-default\">\n\t\t\t\t\t<div class=\"elementor-column elementor-col-100 elementor-top-column elementor-element elementor-element-7b3235a\" data-id=\"7b3235a\" data-element_type=\"column\">\n\t\t\t<div class=\"elementor-widget-wrap elementor-element-populated\">\n\t\t\t\t\t\t<div class=\"elementor-element elementor-element-970e471 elementor-widget elementor-widget-text-editor\" data-id=\"970e471\" data-element_type=\"widget\" data-widget_type=\"text-editor.default\">\n\t\t\t\t<div class=\"elementor-widget-container\">\n\t\t\t\t\t\t\t\t\t<p>Resumindo nossa percep\u00e7\u00e3o sobre a chegada da nova <strong>BNCC &#8211; Base Nacional Comum Curricular<\/strong> ao contexto da educa\u00e7\u00e3o brasileira a uma \u00fanica senten\u00e7a: acreditamos que a nova base \u00e9 <strong>EXTREMAMENTE VALIOSA<\/strong> para o destino da nossa educa\u00e7\u00e3o.<\/p><p>Ela traz elementos que permitem que as escolas, cada uma com sua receitinha especial, possa inovar e romper com o modelo matricial e meramente conteudista.<\/p><p>O &#8220;chef&#8221; respons\u00e1vel pela receitinha da escola: O gestor educacional.<\/p>\t\t\t\t\t\t\t\t<\/div>\n\t\t\t\t<\/div>\n\t\t\t\t<section class=\"elementor-section elementor-inner-section elementor-element elementor-element-4dc0f84 elementor-section-boxed elementor-section-height-default elementor-section-height-default\" data-id=\"4dc0f84\" data-element_type=\"section\">\n\t\t\t\t\t\t<div class=\"elementor-container elementor-column-gap-default\">\n\t\t\t\t\t<div class=\"elementor-column elementor-col-50 elementor-inner-column elementor-element elementor-element-24e9de2\" data-id=\"24e9de2\" data-element_type=\"column\">\n\t\t\t<div class=\"elementor-widget-wrap elementor-element-populated\">\n\t\t\t\t\t\t<div class=\"elementor-element elementor-element-539cdd5 elementor-widget elementor-widget-text-editor\" data-id=\"539cdd5\" data-element_type=\"widget\" data-widget_type=\"text-editor.default\">\n\t\t\t\t<div class=\"elementor-widget-container\">\n\t\t\t\t\t\t\t\t\t<p>A matriz orientativa que permeia os objetivos do novo gestor educacional, segundo a vis\u00e3o muito particular da Schoolastic, visa impulsionar a escola rumo ao seu IKIGAI, ou seja, a zona de converg\u00eancia de todos os seus objetivos: Miss\u00e3o, Pessoas, Lugar e Tecnologia.<\/p><p>Utilizar a plataforma Schoolastic no dia-a-dia, vai ajudar a manter os 8 principais pontos de uma organiza\u00e7\u00e3o educacional do s\u00e9culo XXI:<br \/><br \/><\/p>\t\t\t\t\t\t\t\t<\/div>\n\t\t\t\t<\/div>\n\t\t\t\t\t<\/div>\n\t\t<\/div>\n\t\t\t\t<div class=\"elementor-column elementor-col-50 elementor-inner-column elementor-element elementor-element-03fea67\" data-id=\"03fea67\" data-element_type=\"column\">\n\t\t\t<div class=\"elementor-widget-wrap elementor-element-populated\">\n\t\t\t\t\t\t<div class=\"elementor-element elementor-element-05390f4 elementor-widget elementor-widget-image\" data-id=\"05390f4\" data-element_type=\"widget\" data-widget_type=\"image.default\">\n\t\t\t\t<div class=\"elementor-widget-container\">\n\t\t\t\t\t\t\t\t\t\t\t\t\t\t\t<img fetchpriority=\"high\" decoding=\"async\" width=\"640\" height=\"441\" src=\"https:\/\/schoolastic-app.com\/wp-content\/uploads\/2021\/05\/Framework-eVUCAcao-do-Seculo-XXI-1024x705.png\" class=\"attachment-large size-large wp-image-1335\" alt=\"\" srcset=\"https:\/\/schoolastic-app.com\/wp-content\/uploads\/2021\/05\/Framework-eVUCAcao-do-Seculo-XXI-1024x705.png 1024w, https:\/\/schoolastic-app.com\/wp-content\/uploads\/2021\/05\/Framework-eVUCAcao-do-Seculo-XXI-300x207.png 300w, https:\/\/schoolastic-app.com\/wp-content\/uploads\/2021\/05\/Framework-eVUCAcao-do-Seculo-XXI-768x529.png 768w, https:\/\/schoolastic-app.com\/wp-content\/uploads\/2021\/05\/Framework-eVUCAcao-do-Seculo-XXI.png 1217w\" sizes=\"(max-width: 640px) 100vw, 640px\" \/>\t\t\t\t\t\t\t\t\t\t\t\t\t\t\t<\/div>\n\t\t\t\t<\/div>\n\t\t\t\t\t<\/div>\n\t\t<\/div>\n\t\t\t\t\t<\/div>\n\t\t<\/section>\n\t\t\t\t<section class=\"elementor-section elementor-inner-section elementor-element elementor-element-eb4f7ad elementor-section-boxed elementor-section-height-default elementor-section-height-default\" data-id=\"eb4f7ad\" data-element_type=\"section\">\n\t\t\t\t\t\t<div class=\"elementor-container elementor-column-gap-default\">\n\t\t\t\t\t<div class=\"elementor-column elementor-col-50 elementor-inner-column elementor-element elementor-element-f551b7b\" data-id=\"f551b7b\" data-element_type=\"column\">\n\t\t\t<div class=\"elementor-widget-wrap elementor-element-populated\">\n\t\t\t\t\t\t<div class=\"elementor-element elementor-element-1ec1390 elementor-widget elementor-widget-text-editor\" data-id=\"1ec1390\" data-element_type=\"widget\" data-widget_type=\"text-editor.default\">\n\t\t\t\t<div class=\"elementor-widget-container\">\n\t\t\t\t\t\t\t\t\t<p>1- Agilidade com foco no impacto;<\/p><p>2- Abordagem privilegiando os talentos;<\/p><p>3- Suporte ao Lifelong Learning; (professores e estudantes)<\/p><p>4- Orienta\u00e7\u00e3o \u00e0 experi\u00eancias inspiradoras;<\/p>\t\t\t\t\t\t\t\t<\/div>\n\t\t\t\t<\/div>\n\t\t\t\t\t<\/div>\n\t\t<\/div>\n\t\t\t\t<div class=\"elementor-column elementor-col-50 elementor-inner-column elementor-element elementor-element-d6c631c\" data-id=\"d6c631c\" data-element_type=\"column\">\n\t\t\t<div class=\"elementor-widget-wrap elementor-element-populated\">\n\t\t\t\t\t\t<div class=\"elementor-element elementor-element-d7846b8 elementor-widget elementor-widget-text-editor\" data-id=\"d7846b8\" data-element_type=\"widget\" data-widget_type=\"text-editor.default\">\n\t\t\t\t<div class=\"elementor-widget-container\">\n\t\t\t\t\t\t\t\t\t<p>5- Favorecimento ao engajamento familiar ;<\/p><p>6- Inova\u00e7\u00e3o dos espa\u00e7os escolares;<\/p><p>7- Transforma\u00e7\u00e3o Digital;<\/p><p>8- Estrutura\u00e7\u00e3o de cultura orientada \u00e0 dados;<\/p>\t\t\t\t\t\t\t\t<\/div>\n\t\t\t\t<\/div>\n\t\t\t\t\t<\/div>\n\t\t<\/div>\n\t\t\t\t\t<\/div>\n\t\t<\/section>\n\t\t\t\t\t<\/div>\n\t\t<\/div>\n\t\t\t\t\t<\/div>\n\t\t<\/section>\n\t\t\t\t<section class=\"elementor-section elementor-top-section elementor-element elementor-element-41523f7 elementor-section-boxed elementor-section-height-default elementor-section-height-default\" data-id=\"41523f7\" data-element_type=\"section\">\n\t\t\t\t\t\t<div class=\"elementor-container elementor-column-gap-default\">\n\t\t\t\t\t<div class=\"elementor-column elementor-col-100 elementor-top-column elementor-element elementor-element-6c687ab\" data-id=\"6c687ab\" data-element_type=\"column\">\n\t\t\t<div class=\"elementor-widget-wrap elementor-element-populated\">\n\t\t\t\t\t\t<div class=\"elementor-element elementor-element-31b4463 elementor-widget elementor-widget-image\" data-id=\"31b4463\" data-element_type=\"widget\" data-widget_type=\"image.default\">\n\t\t\t\t<div class=\"elementor-widget-container\">\n\t\t\t\t\t\t\t\t\t\t\t\t\t\t\t<img decoding=\"async\" width=\"171\" height=\"191\" src=\"https:\/\/schoolastic-app.com\/wp-content\/uploads\/2021\/05\/Be-novo.png\" class=\"attachment-1536x1536 size-1536x1536 wp-image-2687\" alt=\"Compet\u00eancias Socioemocionais da BNCC\" \/>\t\t\t\t\t\t\t\t\t\t\t\t\t\t\t<\/div>\n\t\t\t\t<\/div>\n\t\t\t\t<section class=\"elementor-section elementor-inner-section elementor-element elementor-element-af6bebe elementor-section-boxed elementor-section-height-default elementor-section-height-default\" data-id=\"af6bebe\" data-element_type=\"section\">\n\t\t\t\t\t\t<div class=\"elementor-container elementor-column-gap-default\">\n\t\t\t\t\t<div class=\"elementor-column elementor-col-50 elementor-inner-column elementor-element elementor-element-1ba9150\" data-id=\"1ba9150\" data-element_type=\"column\">\n\t\t\t<div class=\"elementor-widget-wrap elementor-element-populated\">\n\t\t\t\t\t\t<div class=\"elementor-element elementor-element-af2a6a3 elementor-align-center elementor-widget elementor-widget-button\" data-id=\"af2a6a3\" data-element_type=\"widget\" data-widget_type=\"button.default\">\n\t\t\t\t<div class=\"elementor-widget-container\">\n\t\t\t\t\t\t\t\t\t<div class=\"elementor-button-wrapper\">\n\t\t\t\t\t<a class=\"elementor-button elementor-button-link elementor-size-md\" href=\"https:\/\/schoolastic-app.com\/?page_id=1348\">\n\t\t\t\t\t\t<span class=\"elementor-button-content-wrapper\">\n\t\t\t\t\t\t\t\t\t<span class=\"elementor-button-text\">Quer ver um infogr\u00e1fico com uma sugest\u00e3o de plano de implanta\u00e7\u00e3o?<\/span>\n\t\t\t\t\t<\/span>\n\t\t\t\t\t<\/a>\n\t\t\t\t<\/div>\n\t\t\t\t\t\t\t\t<\/div>\n\t\t\t\t<\/div>\n\t\t\t\t\t<\/div>\n\t\t<\/div>\n\t\t\t\t<div class=\"elementor-column elementor-col-50 elementor-inner-column elementor-element elementor-element-c66b44e\" data-id=\"c66b44e\" data-element_type=\"column\">\n\t\t\t<div class=\"elementor-widget-wrap elementor-element-populated\">\n\t\t\t\t\t\t<div class=\"elementor-element elementor-element-e2ed0d1 elementor-align-center elementor-widget elementor-widget-button\" data-id=\"e2ed0d1\" data-element_type=\"widget\" data-widget_type=\"button.default\">\n\t\t\t\t<div class=\"elementor-widget-container\">\n\t\t\t\t\t\t\t\t\t<div class=\"elementor-button-wrapper\">\n\t\t\t\t\t<a class=\"elementor-button elementor-button-link elementor-size-md\" href=\"https:\/\/schoolastic-app.com\/?page_id=1161\">\n\t\t\t\t\t\t<span class=\"elementor-button-content-wrapper\">\n\t\t\t\t\t\t\t\t\t<span class=\"elementor-button-text\">Fale conosco<\/span>\n\t\t\t\t\t<\/span>\n\t\t\t\t\t<\/a>\n\t\t\t\t<\/div>\n\t\t\t\t\t\t\t\t<\/div>\n\t\t\t\t<\/div>\n\t\t\t\t\t<\/div>\n\t\t<\/div>\n\t\t\t\t\t<\/div>\n\t\t<\/section>\n\t\t\t\t\t<\/div>\n\t\t<\/div>\n\t\t\t\t\t<\/div>\n\t\t<\/section>\n\t\t\t\t<\/div>\n\t\t","protected":false},"excerpt":{"rendered":"<p>Resumindo nossa percep\u00e7\u00e3o sobre a chegada da nova BNCC &#8211; Base Nacional Comum Curricular ao contexto da educa\u00e7\u00e3o brasileira a uma \u00fanica senten\u00e7a: acreditamos que a nova base \u00e9 EXTREMAMENTE VALIOSA para o destino da nossa educa\u00e7\u00e3o. Ela traz elementos que permitem que as escolas, cada uma com sua receitinha especial, possa inovar e romper com o modelo matricial e&#8230;<\/p>\n","protected":false},"author":1,"featured_media":0,"parent":0,"menu_order":0,"comment_status":"closed","ping_status":"closed","template":"","meta":{"_monsterinsights_skip_tracking":false,"_monsterinsights_sitenote_active":false,"_monsterinsights_sitenote_note":"","_monsterinsights_sitenote_category":0,"footnotes":""},"class_list":["post-1242","page","type-page","status-publish","hentry"],"translation":{"provider":"WPGlobus","version":"3.0.0","language":"en","enabled_languages":["br","en"],"languages":{"br":{"title":true,"content":true,"excerpt":false},"en":{"title":false,"content":false,"excerpt":false}}},"_links":{"self":[{"href":"https:\/\/schoolastic-app.com\/en\/wp-json\/wp\/v2\/pages\/1242","targetHints":{"allow":["GET"]}}],"collection":[{"href":"https:\/\/schoolastic-app.com\/en\/wp-json\/wp\/v2\/pages"}],"about":[{"href":"https:\/\/schoolastic-app.com\/en\/wp-json\/wp\/v2\/types\/page"}],"author":[{"embeddable":true,"href":"https:\/\/schoolastic-app.com\/en\/wp-json\/wp\/v2\/users\/1"}],"replies":[{"embeddable":true,"href":"https:\/\/schoolastic-app.com\/en\/wp-json\/wp\/v2\/comments?post=1242"}],"version-history":[{"count":3,"href":"https:\/\/schoolastic-app.com\/en\/wp-json\/wp\/v2\/pages\/1242\/revisions"}],"predecessor-version":[{"id":3919,"href":"https:\/\/schoolastic-app.com\/en\/wp-json\/wp\/v2\/pages\/1242\/revisions\/3919"}],"wp:attachment":[{"href":"https:\/\/schoolastic-app.com\/en\/wp-json\/wp\/v2\/media?parent=1242"}],"curies":[{"name":"wp","href":"https:\/\/api.w.org\/{rel}","templated":true}]}}