{"id":1493,"date":"2021-05-06T14:45:33","date_gmt":"2021-05-06T17:45:33","guid":{"rendered":"https:\/\/schoolastic-app.com"},"modified":"2021-05-19T15:19:56","modified_gmt":"2021-05-19T18:19:56","slug":"reconheca-me-2","status":"publish","type":"page","link":"https:\/\/schoolastic-app.com\/en\/reconheca-me-2\/","title":{"rendered":"Reconhe\u00e7a-me"},"content":{"rendered":"\t\t<div data-elementor-type=\"wp-page\" data-elementor-id=\"1493\" class=\"elementor elementor-1493\">\n\t\t\t\t\t\t<section class=\"elementor-section elementor-top-section elementor-element elementor-element-7ddc995 elementor-section-boxed elementor-section-height-default elementor-section-height-default\" data-id=\"7ddc995\" data-element_type=\"section\">\n\t\t\t\t\t\t<div class=\"elementor-container elementor-column-gap-default\">\n\t\t\t\t\t<div class=\"elementor-column elementor-col-100 elementor-top-column elementor-element elementor-element-9e1e198\" data-id=\"9e1e198\" data-element_type=\"column\">\n\t\t\t<div class=\"elementor-widget-wrap elementor-element-populated\">\n\t\t\t\t\t\t<div class=\"elementor-element elementor-element-60693a1 elementor-widget elementor-widget-text-editor\" data-id=\"60693a1\" data-element_type=\"widget\" data-widget_type=\"text-editor.default\">\n\t\t\t\t<div class=\"elementor-widget-container\">\n\t\t\t\t\t\t\t\t\t<p>Reconhe\u00e7a-me \u00e9 a nova interface criada pela Schoolastic.<\/p><p>Ela foi criada de forma muito r\u00e1pida, como resposta \u00e0 pandemia do coronav\u00edrus, para permitir que estudantes, jovens e pessoas em geral, de todas as idades, pudessem usar um pouco de seu tempo em isolamento social, para refletir sobre seus padr\u00f5es comportamentais, e ainda pudessem acolher as vis\u00f5es da Meg, nossa assistente virtual, como oportunidades para o seu autodesenvolvimento.\u00a0<\/p><p>Nos primeiros dias ap\u00f3s o lan\u00e7amento, come\u00e7aram a chegar pedidos de pais querendo avaliar seus filhos e a funcionalidade foi adicionada.<\/p>\t\t\t\t\t\t\t\t<\/div>\n\t\t\t\t<\/div>\n\t\t\t\t<section class=\"elementor-section elementor-inner-section elementor-element elementor-element-3549a27 elementor-section-boxed elementor-section-height-default elementor-section-height-default\" data-id=\"3549a27\" data-element_type=\"section\">\n\t\t\t\t\t\t<div class=\"elementor-container elementor-column-gap-default\">\n\t\t\t\t\t<div class=\"elementor-column elementor-col-50 elementor-inner-column elementor-element elementor-element-ec8f681\" data-id=\"ec8f681\" data-element_type=\"column\">\n\t\t\t<div class=\"elementor-widget-wrap elementor-element-populated\">\n\t\t\t\t\t\t<div class=\"elementor-element elementor-element-093067d elementor-widget elementor-widget-text-editor\" data-id=\"093067d\" data-element_type=\"widget\" data-widget_type=\"text-editor.default\">\n\t\t\t\t<div class=\"elementor-widget-container\">\n\t\t\t\t\t\t\t\t\t<p>O modelo B2C (venda direta ao consumidor) ainda est\u00e1 em avalia\u00e7\u00e3o, por\u00e9m, ap\u00f3s valida\u00e7\u00e3o de alguns parceiros e de um programa de acelera\u00e7\u00e3o de Statups, resolvemos disponibilizar a comercializa\u00e7\u00e3o da plataforma\u00a0 Reconhe\u00e7a-me como servi\u00e7o (B2B) para institui\u00e7\u00f5es de ensino, como uma porta de entrada ou uma possibilidade de prova de conceito mais r\u00e1pida e barata, que possa posteriormente levar a escola a ampliar sua parceria com a Schoolastic.<\/p><p>A principal empregabilidade da plataforma neste momento, tem sido a de realizar as sondagens dos estudantes em isolamento social, para a cria\u00e7\u00e3o de planos de acolhimento mais adequados, para a reinser\u00e7\u00e3o dos estudantes a sistema presencial.<\/p>\t\t\t\t\t\t\t\t<\/div>\n\t\t\t\t<\/div>\n\t\t\t\t\t<\/div>\n\t\t<\/div>\n\t\t\t\t<div class=\"elementor-column elementor-col-50 elementor-inner-column elementor-element elementor-element-1445e36\" data-id=\"1445e36\" data-element_type=\"column\">\n\t\t\t<div class=\"elementor-widget-wrap elementor-element-populated\">\n\t\t\t\t\t\t<div class=\"elementor-element elementor-element-64a4618 elementor-widget elementor-widget-image\" data-id=\"64a4618\" data-element_type=\"widget\" data-widget_type=\"image.default\">\n\t\t\t\t<div class=\"elementor-widget-container\">\n\t\t\t\t\t\t\t\t\t\t\t\t\t\t\t<img fetchpriority=\"high\" decoding=\"async\" width=\"640\" height=\"441\" src=\"https:\/\/schoolastic-app.com\/wp-content\/uploads\/2021\/05\/NOTICIA_07_01_08.jpg\" class=\"attachment-large size-large wp-image-1595\" alt=\"\" srcset=\"https:\/\/schoolastic-app.com\/wp-content\/uploads\/2021\/05\/NOTICIA_07_01_08.jpg 770w, https:\/\/schoolastic-app.com\/wp-content\/uploads\/2021\/05\/NOTICIA_07_01_08-300x206.jpg 300w, https:\/\/schoolastic-app.com\/wp-content\/uploads\/2021\/05\/NOTICIA_07_01_08-768x529.jpg 768w\" sizes=\"(max-width: 640px) 100vw, 640px\" \/>\t\t\t\t\t\t\t\t\t\t\t\t\t\t\t<\/div>\n\t\t\t\t<\/div>\n\t\t\t\t\t<\/div>\n\t\t<\/div>\n\t\t\t\t\t<\/div>\n\t\t<\/section>\n\t\t\t\t\t<\/div>\n\t\t<\/div>\n\t\t\t\t\t<\/div>\n\t\t<\/section>\n\t\t\t\t<section class=\"elementor-section elementor-top-section elementor-element elementor-element-7a9983d elementor-section-boxed elementor-section-height-default elementor-section-height-default\" data-id=\"7a9983d\" data-element_type=\"section\">\n\t\t\t\t\t\t<div class=\"elementor-container elementor-column-gap-default\">\n\t\t\t\t\t<div class=\"elementor-column elementor-col-100 elementor-top-column elementor-element elementor-element-9e96d41\" data-id=\"9e96d41\" data-element_type=\"column\">\n\t\t\t<div class=\"elementor-widget-wrap elementor-element-populated\">\n\t\t\t\t\t\t<div class=\"elementor-element elementor-element-b05b2aa elementor-widget elementor-widget-image\" data-id=\"b05b2aa\" data-element_type=\"widget\" data-widget_type=\"image.default\">\n\t\t\t\t<div class=\"elementor-widget-container\">\n\t\t\t\t\t\t\t\t\t\t\t\t\t\t\t<img decoding=\"async\" width=\"171\" height=\"191\" src=\"https:\/\/schoolastic-app.com\/wp-content\/uploads\/2021\/05\/Be-novo.png\" class=\"attachment-1536x1536 size-1536x1536 wp-image-2687\" alt=\"Compet\u00eancias Socioemocionais da BNCC\" \/>\t\t\t\t\t\t\t\t\t\t\t\t\t\t\t<\/div>\n\t\t\t\t<\/div>\n\t\t\t\t<section class=\"elementor-section elementor-inner-section elementor-element elementor-element-259dc21 elementor-section-boxed elementor-section-height-default elementor-section-height-default\" data-id=\"259dc21\" data-element_type=\"section\">\n\t\t\t\t\t\t<div class=\"elementor-container elementor-column-gap-default\">\n\t\t\t\t\t<div class=\"elementor-column elementor-col-50 elementor-inner-column elementor-element elementor-element-4b146bb\" data-id=\"4b146bb\" data-element_type=\"column\">\n\t\t\t<div class=\"elementor-widget-wrap elementor-element-populated\">\n\t\t\t\t\t\t<div class=\"elementor-element elementor-element-0e3b8ec elementor-align-center elementor-widget elementor-widget-button\" data-id=\"0e3b8ec\" data-element_type=\"widget\" data-widget_type=\"button.default\">\n\t\t\t\t<div class=\"elementor-widget-container\">\n\t\t\t\t\t\t\t\t\t<div class=\"elementor-button-wrapper\">\n\t\t\t\t\t<a class=\"elementor-button elementor-button-link elementor-size-md\" href=\"https:\/\/schoolastic-app.com\/plano-de-implantacao-reconheca-me\/\">\n\t\t\t\t\t\t<span class=\"elementor-button-content-wrapper\">\n\t\t\t\t\t\t\t\t\t<span class=\"elementor-button-text\">Quer ver um infogr\u00e1fico com o plano de implanta\u00e7\u00e3o do Reconhe\u00e7a-me?<\/span>\n\t\t\t\t\t<\/span>\n\t\t\t\t\t<\/a>\n\t\t\t\t<\/div>\n\t\t\t\t\t\t\t\t<\/div>\n\t\t\t\t<\/div>\n\t\t\t\t\t<\/div>\n\t\t<\/div>\n\t\t\t\t<div class=\"elementor-column elementor-col-50 elementor-inner-column elementor-element elementor-element-a20355c\" data-id=\"a20355c\" data-element_type=\"column\">\n\t\t\t<div class=\"elementor-widget-wrap elementor-element-populated\">\n\t\t\t\t\t\t<div class=\"elementor-element elementor-element-1f062b6 elementor-align-left elementor-widget elementor-widget-button\" data-id=\"1f062b6\" data-element_type=\"widget\" data-widget_type=\"button.default\">\n\t\t\t\t<div class=\"elementor-widget-container\">\n\t\t\t\t\t\t\t\t\t<div class=\"elementor-button-wrapper\">\n\t\t\t\t\t<a class=\"elementor-button elementor-button-link elementor-size-md\" href=\"https:\/\/schoolastic-app.com\/?page_id=1161\">\n\t\t\t\t\t\t<span class=\"elementor-button-content-wrapper\">\n\t\t\t\t\t\t\t\t\t<span class=\"elementor-button-text\">Fale conosco<\/span>\n\t\t\t\t\t<\/span>\n\t\t\t\t\t<\/a>\n\t\t\t\t<\/div>\n\t\t\t\t\t\t\t\t<\/div>\n\t\t\t\t<\/div>\n\t\t\t\t\t<\/div>\n\t\t<\/div>\n\t\t\t\t\t<\/div>\n\t\t<\/section>\n\t\t\t\t\t<\/div>\n\t\t<\/div>\n\t\t\t\t\t<\/div>\n\t\t<\/section>\n\t\t\t\t<\/div>\n\t\t","protected":false},"excerpt":{"rendered":"<p>Reconhe\u00e7a-me \u00e9 a nova interface criada pela Schoolastic. Ela foi criada de forma muito r\u00e1pida, como resposta \u00e0 pandemia do coronav\u00edrus, para permitir que estudantes, jovens e pessoas em geral, de todas as idades, pudessem usar um pouco de seu tempo em isolamento social, para refletir sobre seus padr\u00f5es comportamentais, e ainda pudessem acolher as vis\u00f5es da Meg, nossa assistente&#8230;<\/p>\n","protected":false},"author":1,"featured_media":0,"parent":0,"menu_order":0,"comment_status":"closed","ping_status":"closed","template":"","meta":{"_monsterinsights_skip_tracking":false,"_monsterinsights_sitenote_active":false,"_monsterinsights_sitenote_note":"","_monsterinsights_sitenote_category":0,"footnotes":""},"class_list":["post-1493","page","type-page","status-publish","hentry"],"translation":{"provider":"WPGlobus","version":"3.0.0","language":"en","enabled_languages":["br","en"],"languages":{"br":{"title":true,"content":true,"excerpt":false},"en":{"title":false,"content":false,"excerpt":false}}},"_links":{"self":[{"href":"https:\/\/schoolastic-app.com\/en\/wp-json\/wp\/v2\/pages\/1493","targetHints":{"allow":["GET"]}}],"collection":[{"href":"https:\/\/schoolastic-app.com\/en\/wp-json\/wp\/v2\/pages"}],"about":[{"href":"https:\/\/schoolastic-app.com\/en\/wp-json\/wp\/v2\/types\/page"}],"author":[{"embeddable":true,"href":"https:\/\/schoolastic-app.com\/en\/wp-json\/wp\/v2\/users\/1"}],"replies":[{"embeddable":true,"href":"https:\/\/schoolastic-app.com\/en\/wp-json\/wp\/v2\/comments?post=1493"}],"version-history":[{"count":0,"href":"https:\/\/schoolastic-app.com\/en\/wp-json\/wp\/v2\/pages\/1493\/revisions"}],"wp:attachment":[{"href":"https:\/\/schoolastic-app.com\/en\/wp-json\/wp\/v2\/media?parent=1493"}],"curies":[{"name":"wp","href":"https:\/\/api.w.org\/{rel}","templated":true}]}}