{"id":1610,"date":"2021-05-06T21:49:44","date_gmt":"2021-05-07T00:49:44","guid":{"rendered":"https:\/\/schoolastic-app.com"},"modified":"2025-07-18T15:14:39","modified_gmt":"2025-07-18T18:14:39","slug":"ebook","status":"publish","type":"page","link":"https:\/\/schoolastic-app.com\/en\/ebook\/","title":{"rendered":""},"content":{"rendered":"\t\t<div data-elementor-type=\"wp-page\" data-elementor-id=\"1610\" class=\"elementor elementor-1610\">\n\t\t\t\t\t\t<section class=\"elementor-section elementor-top-section elementor-element elementor-element-7eeef743 elementor-section-boxed elementor-section-height-default elementor-section-height-default\" data-id=\"7eeef743\" data-element_type=\"section\">\n\t\t\t\t\t\t<div class=\"elementor-container elementor-column-gap-default\">\n\t\t\t\t\t<div class=\"elementor-column elementor-col-100 elementor-top-column elementor-element elementor-element-2e4c4060\" data-id=\"2e4c4060\" data-element_type=\"column\">\n\t\t\t<div class=\"elementor-widget-wrap elementor-element-populated\">\n\t\t\t\t\t\t<div class=\"elementor-element elementor-element-313959c elementor-widget elementor-widget-text-editor\" data-id=\"313959c\" data-element_type=\"widget\" data-widget_type=\"text-editor.default\">\n\t\t\t\t<div class=\"elementor-widget-container\">\n\t\t\t\t\t\t\t\t\t<p>Ap\u00f3s a distribui\u00e7\u00e3o gratuita de mais de 30 Mil exemplares, este conte\u00fado foi atualizado e n\u00e3o est\u00e1 mais dispon\u00edvel gratuitamente.<\/p>\t\t\t\t\t\t\t\t<\/div>\n\t\t\t\t<\/div>\n\t\t\t\t<div class=\"elementor-element elementor-element-b6e53c5 elementor-align-center elementor-widget elementor-widget-button\" data-id=\"b6e53c5\" data-element_type=\"widget\" data-widget_type=\"button.default\">\n\t\t\t\t<div class=\"elementor-widget-container\">\n\t\t\t\t\t\t\t\t\t<div class=\"elementor-button-wrapper\">\n\t\t\t\t\t<a class=\"elementor-button elementor-button-link elementor-size-sm\" href=\"https:\/\/pay.hotmart.com\/G83011396X\" target=\"_blank\">\n\t\t\t\t\t\t<span class=\"elementor-button-content-wrapper\">\n\t\t\t\t\t\t\t\t\t<span class=\"elementor-button-text\">Clique aqui para comprar a sua c\u00f3pia do Livro por apenas R$ 29,90<\/span>\n\t\t\t\t\t<\/span>\n\t\t\t\t\t<\/a>\n\t\t\t\t<\/div>\n\t\t\t\t\t\t\t\t<\/div>\n\t\t\t\t<\/div>\n\t\t\t\t<div class=\"elementor-element elementor-element-01e79cf elementor-widget elementor-widget-text-editor\" data-id=\"01e79cf\" data-element_type=\"widget\" data-widget_type=\"text-editor.default\">\n\t\t\t\t<div class=\"elementor-widget-container\">\n\t\t\t\t\t\t\t\t\t<p><u>Especifica\u00e7\u00f5es<br><\/u>Formato PDF<br>81 p\u00e1ginas<br>Libera\u00e7\u00e3o online, por email, imediatamente ap\u00f3s o processamento do seu pagamento.<br>Formas de pagamento dispon\u00edveis:&nbsp; Cart\u00e3o de cr\u00e9dito, Boleto e Pix<\/p>\n<p><u>S\u00edntese<br><\/u>No livro, o autor Luiz Fernando Orlandini, que recentemente teve sua tese pedag\u00f3gica apontada pela HOLONIQ, o maior ecossistema de mapeamento de teses e tecnologias educacionais do mundo, como uma das teses em maior alinhamento com as necessidades do futuro da educa\u00e7\u00e3o global, busca mostrar os benef\u00edcios de uma nova abordagem pedag\u00f3gica, baseada em um mix de melhores pr\u00e1ticas pedagogias e teses de autores de grande relev\u00e2ncia no cen\u00e1rio educacional mundial; capaz de transformar a mentalidade de professores e gestores educacionais em uma mentalidade orientada ao design de educa\u00e7\u00e3o.&nbsp;<\/p>\n<p>De forma muito pr\u00e1tica, a obra busca sensibilizar \u00e0 todos da necessidade de um novo olhar para as habilidades e compet\u00eancias e como esta pauta pode transformar a educa\u00e7\u00e3o e alinh\u00e1-la aos objetivos do s\u00e9culo XXI.&nbsp;<\/p>\n<p>O n\u00edvel de pr\u00e1tica mergulha at\u00e9 o caso pr\u00e1tico de como esta mentalidade inspirou a cria\u00e7\u00e3o de uma plataforma tecnol\u00f3gica.&nbsp;<\/p>\n<p>Imperd\u00edvel!<\/p>\n<p>Uma leitura provocativa, propositiva e reflexiva.<br>Leitura r\u00e1pido, flu\u00edda e contextualizada.<br>De f\u00e1cil compreens\u00e3o, sens\u00edvel e que vai atualizar teu mindset para o design de educa\u00e7\u00e3o!<br>Ao adquirir uma c\u00f3pia deste livro, voc\u00ea estar\u00e1 apoiando a implementa\u00e7\u00e3o de nossa tese educacional em escolas da rede p\u00fablica por todo o Brasil.<\/p><p><u>Suporte:<\/u><br>support@schoolastic-app.com<br><\/p>\t\t\t\t\t\t\t\t<\/div>\n\t\t\t\t<\/div>\n\t\t\t\t<div class=\"elementor-element elementor-element-166a5025 elementor-widget elementor-widget-text-editor\" data-id=\"166a5025\" data-element_type=\"widget\" data-widget_type=\"text-editor.default\">\n\t\t\t\t<div class=\"elementor-widget-container\">\n\t\t\t\t\t\t\t\t\t<p><\/p>\n<div class=\"wp-block-contact-form-7-contact-form-selector\">Caso deseje falar com o autor, deixe sua mensagem abaixo!<\/div>\n<p>\u00a0<\/p>\n<p>\n<div class=\"wpcf7 no-js\" id=\"wpcf7-f1332-o1\" lang=\"pt-BR\" dir=\"ltr\" data-wpcf7-id=\"1332\">\n<div class=\"screen-reader-response\"><p role=\"status\" aria-live=\"polite\" aria-atomic=\"true\"><\/p> <ul><\/ul><\/div>\n<form action=\"\/en\/wp-json\/wp\/v2\/pages\/1610#wpcf7-f1332-o1\" method=\"post\" class=\"wpcf7-form init cf7skins cf7s-topaz\" aria-label=\"Formul\u00e1rios de contato\" novalidate=\"novalidate\" data-status=\"init\">\n<div style=\"display: none;\">\n<input type=\"hidden\" name=\"_wpcf7\" value=\"1332\" \/>\n<input type=\"hidden\" name=\"_wpcf7_version\" value=\"6.0.5\" \/>\n<input type=\"hidden\" name=\"_wpcf7_locale\" value=\"pt_BR\" \/>\n<input type=\"hidden\" name=\"_wpcf7_unit_tag\" value=\"wpcf7-f1332-o1\" \/>\n<input type=\"hidden\" name=\"_wpcf7_container_post\" value=\"0\" \/>\n<input type=\"hidden\" name=\"_wpcf7_posted_data_hash\" value=\"\" \/>\n<input type=\"hidden\" name=\"_wpcf7_recaptcha_response\" value=\"\" \/>\n<\/div>\n<label> Seu nome\n    <span class=\"wpcf7-form-control-wrap\" data-name=\"nome\"><input size=\"40\" maxlength=\"400\" class=\"wpcf7-form-control wpcf7-text wpcf7-validates-as-required\" aria-required=\"true\" aria-invalid=\"false\" value=\"\" type=\"text\" name=\"nome\" \/><\/span> <\/label>\n\n<label> Seu e-mail\n    <span class=\"wpcf7-form-control-wrap\" data-name=\"email\"><input size=\"40\" maxlength=\"400\" class=\"wpcf7-form-control wpcf7-email wpcf7-validates-as-required wpcf7-text wpcf7-validates-as-email\" aria-required=\"true\" aria-invalid=\"false\" value=\"\" type=\"email\" name=\"email\" \/><\/span> <\/label>\n\n<label> Sua Institui\u00e7\u00e3o\n    <span class=\"wpcf7-form-control-wrap\" data-name=\"instituicao\"><input size=\"40\" maxlength=\"400\" class=\"wpcf7-form-control wpcf7-text wpcf7-validates-as-required\" aria-required=\"true\" aria-invalid=\"false\" value=\"\" type=\"text\" name=\"instituicao\" \/><\/span> <\/label>\n\n<input class=\"wpcf7-form-control wpcf7-submit has-spinner\" type=\"submit\" value=\"Enviar\" \/><div class=\"wpcf7-response-output\" aria-hidden=\"true\"><\/div>\n<\/form>\n<\/div>\n<\/p>\n<p>\u00a0<\/p>\n<p><\/p>\n<p><\/p>\n<p><\/p>\t\t\t\t\t\t\t\t<\/div>\n\t\t\t\t<\/div>\n\t\t\t\t\t<\/div>\n\t\t<\/div>\n\t\t\t\t\t<\/div>\n\t\t<\/section>\n\t\t\t\t<\/div>\n\t\t","protected":false},"excerpt":{"rendered":"<p>Ap\u00f3s a distribui\u00e7\u00e3o gratuita de mais de 30 Mil exemplares, este conte\u00fado foi atualizado e n\u00e3o est\u00e1 mais dispon\u00edvel gratuitamente. Clique aqui para comprar a sua c\u00f3pia do Livro por apenas R$ 29,90 Especifica\u00e7\u00f5esFormato PDF81 p\u00e1ginasLibera\u00e7\u00e3o online, por email, imediatamente ap\u00f3s o processamento do seu pagamento.Formas de pagamento dispon\u00edveis:&nbsp; Cart\u00e3o de cr\u00e9dito, Boleto e Pix S\u00ednteseNo livro, o autor Luiz&#8230;<\/p>\n","protected":false},"author":2,"featured_media":3818,"parent":0,"menu_order":0,"comment_status":"closed","ping_status":"closed","template":"","meta":{"_monsterinsights_skip_tracking":false,"_monsterinsights_sitenote_active":false,"_monsterinsights_sitenote_note":"","_monsterinsights_sitenote_category":0,"footnotes":""},"class_list":["post-1610","page","type-page","status-publish","has-post-thumbnail","hentry"],"translation":{"provider":"WPGlobus","version":"3.0.0","language":"en","enabled_languages":["br","en"],"languages":{"br":{"title":false,"content":true,"excerpt":false},"en":{"title":false,"content":false,"excerpt":false}}},"_links":{"self":[{"href":"https:\/\/schoolastic-app.com\/en\/wp-json\/wp\/v2\/pages\/1610","targetHints":{"allow":["GET"]}}],"collection":[{"href":"https:\/\/schoolastic-app.com\/en\/wp-json\/wp\/v2\/pages"}],"about":[{"href":"https:\/\/schoolastic-app.com\/en\/wp-json\/wp\/v2\/types\/page"}],"author":[{"embeddable":true,"href":"https:\/\/schoolastic-app.com\/en\/wp-json\/wp\/v2\/users\/2"}],"replies":[{"embeddable":true,"href":"https:\/\/schoolastic-app.com\/en\/wp-json\/wp\/v2\/comments?post=1610"}],"version-history":[{"count":38,"href":"https:\/\/schoolastic-app.com\/en\/wp-json\/wp\/v2\/pages\/1610\/revisions"}],"predecessor-version":[{"id":4132,"href":"https:\/\/schoolastic-app.com\/en\/wp-json\/wp\/v2\/pages\/1610\/revisions\/4132"}],"wp:featuredmedia":[{"embeddable":true,"href":"https:\/\/schoolastic-app.com\/en\/wp-json\/wp\/v2\/media\/3818"}],"wp:attachment":[{"href":"https:\/\/schoolastic-app.com\/en\/wp-json\/wp\/v2\/media?parent=1610"}],"curies":[{"name":"wp","href":"https:\/\/api.w.org\/{rel}","templated":true}]}}