{"id":3385,"date":"2021-06-08T20:46:26","date_gmt":"2021-06-08T23:46:26","guid":{"rendered":"https:\/\/schoolastic-app.com\/?page_id=3385"},"modified":"2023-09-29T22:30:29","modified_gmt":"2023-09-30T01:30:29","slug":"acolhimento","status":"publish","type":"page","link":"https:\/\/schoolastic-app.com\/en\/acolhimento\/","title":{"rendered":"Acolhimento: As habilidades e compet\u00eancias no centro do processo de desenvolvimento"},"content":{"rendered":"\t\t<div data-elementor-type=\"wp-page\" data-elementor-id=\"3385\" class=\"elementor elementor-3385\">\n\t\t\t\t\t\t<section class=\"elementor-section elementor-top-section elementor-element elementor-element-56d4e2d elementor-section-boxed elementor-section-height-default elementor-section-height-default\" data-id=\"56d4e2d\" data-element_type=\"section\" data-settings=\"{&quot;background_background&quot;:&quot;classic&quot;}\">\n\t\t\t\t\t\t<div class=\"elementor-container elementor-column-gap-default\">\n\t\t\t\t\t<div class=\"elementor-column elementor-col-100 elementor-top-column elementor-element elementor-element-7beeaf53\" data-id=\"7beeaf53\" data-element_type=\"column\" data-settings=\"{&quot;background_background&quot;:&quot;classic&quot;}\">\n\t\t\t<div class=\"elementor-widget-wrap elementor-element-populated\">\n\t\t\t\t\t\t<section class=\"elementor-section elementor-top-section elementor-element elementor-element-25eed033 elementor-section-content-middle elementor-section-boxed elementor-section-height-default elementor-section-height-default\" data-id=\"25eed033\" data-element_type=\"section\">\n\t\t\t\t\t\t<div class=\"elementor-container elementor-column-gap-default\">\n\t\t\t\t\t<div class=\"elementor-column elementor-col-100 elementor-top-column elementor-element elementor-element-3d091a11\" data-id=\"3d091a11\" data-element_type=\"column\">\n\t\t\t<div class=\"elementor-widget-wrap elementor-element-populated\">\n\t\t\t\t\t\t<div class=\"elementor-element elementor-element-aa3915b elementor-widget elementor-widget-image\" data-id=\"aa3915b\" data-element_type=\"widget\" data-widget_type=\"image.default\">\n\t\t\t\t<div class=\"elementor-widget-container\">\n\t\t\t\t\t\t\t\t\t\t\t\t\t\t\t<img fetchpriority=\"high\" decoding=\"async\" width=\"640\" height=\"653\" src=\"https:\/\/schoolastic-app.com\/wp-content\/uploads\/2021\/05\/Transversal-768x783.png\" class=\"attachment-medium_large size-medium_large wp-image-1319\" alt=\"\" srcset=\"https:\/\/schoolastic-app.com\/wp-content\/uploads\/2021\/05\/Transversal-768x783.png 768w, https:\/\/schoolastic-app.com\/wp-content\/uploads\/2021\/05\/Transversal-294x300.png 294w, https:\/\/schoolastic-app.com\/wp-content\/uploads\/2021\/05\/Transversal-1004x1024.png 1004w, https:\/\/schoolastic-app.com\/wp-content\/uploads\/2021\/05\/Transversal-1506x1536.png 1506w, https:\/\/schoolastic-app.com\/wp-content\/uploads\/2021\/05\/Transversal.png 1823w\" sizes=\"(max-width: 640px) 100vw, 640px\" \/>\t\t\t\t\t\t\t\t\t\t\t\t\t\t\t<\/div>\n\t\t\t\t<\/div>\n\t\t\t\t<div class=\"elementor-element elementor-element-373b8f61 elementor-widget elementor-widget-text-editor\" data-id=\"373b8f61\" data-element_type=\"widget\" data-widget_type=\"text-editor.default\">\n\t\t\t\t<div class=\"elementor-widget-container\">\n\t\t\t\t\t\t\t\t\t<p>Desenvolver habilidades de vida e compet\u00eancias socioemocionais \u00e9 um processo que requer est\u00edmulos em diferentes frentes. Qu\u00e3o mais articulados e recorrentes forem estes est\u00edmulos, maiores os impactos percept\u00edveis a partir dos padr\u00f5es comportamentais dos estudantes.<\/p>\n<p>Imagine voc\u00ea uma escola buscando desenvolver componentes de afetividade, por exemplo e em casa a crian\u00e7a n\u00e3o se deparando com a pr\u00e1tica desta tem\u00e1tica?<\/p>\n<p>E quando sai para a vida em sociedade, percebe que a agressividade \u00e9 uma tem\u00e1tica mais percept\u00edvel no meio em que vive e eventualmente n\u00e3o encontra na escola ou na fam\u00edlia, contrapontos para fortalecer a efetividade ante a\u00a0 agressividade?<\/p>\n<p>Assim funcionam todas as habilidades humanas. Se desenvolvem diante das informa\u00e7\u00f5es que lhes s\u00e3o estimuladas em maior volume e frequ\u00eancia.<\/p>\n<p>Para sermos mais eficiente na miss\u00e3o de apoio e incentivo \u00e0s habilidades e compet\u00eancias das crian\u00e7as e jovens, precisamos compreender o que seus padr\u00f5es comportamentais e de interesses podem nos inspirar sobre eles.<\/p>\n<p>Foi exatamente por isto que idealizamos a plataforma Schoolastic, como uma intelig\u00eancia de apoio na captura de eventos importantes sobre o estudantes, a partir de uma matriz avaliativa observacional fundamentada por teses de grandes especialistas do comportamento humano, neurocientistas e psicopedagogos, desenvolvida para a aplica\u00e7\u00e3o educacional\/pedag\u00f3gica em seus diferentes n\u00edveis de ensino, para gerar interpreta\u00e7\u00f5es e indicadores que confiram a velocidade na compreens\u00e3o dos professores sobre como acolher a cada estudante explorando suas principais habilidades e apoiando-o em seus maiores d\u00e9ficits.<\/p>\t\t\t\t\t\t\t\t<\/div>\n\t\t\t\t<\/div>\n\t\t\t\t\t<\/div>\n\t\t<\/div>\n\t\t\t\t\t<\/div>\n\t\t<\/section>\n\t\t\t\t\t<\/div>\n\t\t<\/div>\n\t\t\t\t\t<\/div>\n\t\t<\/section>\n\t\t\t\t<section class=\"elementor-section elementor-top-section elementor-element elementor-element-dacbf5d elementor-section-boxed elementor-section-height-default elementor-section-height-default\" data-id=\"dacbf5d\" data-element_type=\"section\">\n\t\t\t\t\t\t<div class=\"elementor-container elementor-column-gap-default\">\n\t\t\t\t\t<div class=\"elementor-column elementor-col-100 elementor-top-column elementor-element elementor-element-c400071\" data-id=\"c400071\" data-element_type=\"column\">\n\t\t\t<div class=\"elementor-widget-wrap elementor-element-populated\">\n\t\t\t\t\t\t<div class=\"elementor-element elementor-element-5211c89 elementor-widget elementor-widget-image\" data-id=\"5211c89\" data-element_type=\"widget\" data-widget_type=\"image.default\">\n\t\t\t\t<div class=\"elementor-widget-container\">\n\t\t\t\t\t\t\t\t\t\t\t\t\t\t\t<img decoding=\"async\" width=\"640\" height=\"398\" src=\"https:\/\/schoolastic-app.com\/wp-content\/uploads\/2021\/05\/IA-1024x636.png\" class=\"attachment-large size-large wp-image-1318\" alt=\"\" srcset=\"https:\/\/schoolastic-app.com\/wp-content\/uploads\/2021\/05\/IA-1024x636.png 1024w, https:\/\/schoolastic-app.com\/wp-content\/uploads\/2021\/05\/IA-300x186.png 300w, https:\/\/schoolastic-app.com\/wp-content\/uploads\/2021\/05\/IA-768x477.png 768w, https:\/\/schoolastic-app.com\/wp-content\/uploads\/2021\/05\/IA.png 1475w\" sizes=\"(max-width: 640px) 100vw, 640px\" \/>\t\t\t\t\t\t\t\t\t\t\t\t\t\t\t<\/div>\n\t\t\t\t<\/div>\n\t\t\t\t<div class=\"elementor-element elementor-element-df09c40 elementor-widget elementor-widget-text-editor\" data-id=\"df09c40\" data-element_type=\"widget\" data-widget_type=\"text-editor.default\">\n\t\t\t\t<div class=\"elementor-widget-container\">\n\t\t\t\t\t\t\t\t\t<p>Para sermos mais eficiente na miss\u00e3o de apoio e incentivo \u00e0s habilidades e compet\u00eancias das crian\u00e7as e jovens, precisamos compreender o que seus padr\u00f5es comportamentais e de interesses podem nos inspirar sobre eles.<\/p>\n<p>Foi exatamente por isto que idealizamos a plataforma Schoolastic, como uma intelig\u00eancia de apoio na captura de eventos importantes sobre o estudantes, a partir de uma matriz avaliativa observacional fundamentada por teses de grandes especialistas do comportamento humano, neurocientistas e psicopedagogos, desenvolvida para a aplica\u00e7\u00e3o educacional\/pedag\u00f3gica em seus diferentes n\u00edveis de ensino, para gerar interpreta\u00e7\u00f5es e indicadores que confiram a velocidade na compreens\u00e3o dos professores sobre como acolher a cada estudante explorando suas principais habilidades e apoiando-o em seus maiores d\u00e9ficits.<\/p>\t\t\t\t\t\t\t\t<\/div>\n\t\t\t\t<\/div>\n\t\t\t\t\t<\/div>\n\t\t<\/div>\n\t\t\t\t\t<\/div>\n\t\t<\/section>\n\t\t<div class=\"elementor-element elementor-element-cdfa091 e-flex e-con-boxed e-con e-parent\" data-id=\"cdfa091\" data-element_type=\"container\">\n\t\t\t\t\t<div class=\"e-con-inner\">\n\t\t\t\t<div class=\"elementor-element elementor-element-a39a197 elementor-widget elementor-widget-image\" data-id=\"a39a197\" data-element_type=\"widget\" data-widget_type=\"image.default\">\n\t\t\t\t<div class=\"elementor-widget-container\">\n\t\t\t\t\t\t\t\t\t\t\t\t\t\t\t<img decoding=\"async\" width=\"640\" height=\"329\" src=\"https:\/\/schoolastic-app.com\/wp-content\/uploads\/2021\/05\/3-1024x526.png\" class=\"attachment-large size-large wp-image-1321\" alt=\"\" srcset=\"https:\/\/schoolastic-app.com\/wp-content\/uploads\/2021\/05\/3-1024x526.png 1024w, https:\/\/schoolastic-app.com\/wp-content\/uploads\/2021\/05\/3-300x154.png 300w, https:\/\/schoolastic-app.com\/wp-content\/uploads\/2021\/05\/3-768x394.png 768w, https:\/\/schoolastic-app.com\/wp-content\/uploads\/2021\/05\/3.png 1235w\" sizes=\"(max-width: 640px) 100vw, 640px\" \/>\t\t\t\t\t\t\t\t\t\t\t\t\t\t\t<\/div>\n\t\t\t\t<\/div>\n\t\t\t\t\t<\/div>\n\t\t\t\t<\/div>\n\t\t\t\t<section class=\"elementor-section elementor-top-section elementor-element elementor-element-671f0e7 elementor-section-boxed elementor-section-height-default elementor-section-height-default\" data-id=\"671f0e7\" data-element_type=\"section\">\n\t\t\t\t\t\t<div class=\"elementor-container elementor-column-gap-default\">\n\t\t\t\t\t<div class=\"elementor-column elementor-col-100 elementor-top-column elementor-element elementor-element-05973c5\" data-id=\"05973c5\" data-element_type=\"column\">\n\t\t\t<div class=\"elementor-widget-wrap elementor-element-populated\">\n\t\t\t\t\t\t<div class=\"elementor-element elementor-element-aa9f999 elementor-widget elementor-widget-image\" data-id=\"aa9f999\" data-element_type=\"widget\" data-widget_type=\"image.default\">\n\t\t\t\t<div class=\"elementor-widget-container\">\n\t\t\t\t\t\t\t\t\t\t\t\t\t\t\t<img loading=\"lazy\" decoding=\"async\" width=\"171\" height=\"191\" src=\"https:\/\/schoolastic-app.com\/wp-content\/uploads\/2021\/05\/Be-novo.png\" class=\"attachment-1536x1536 size-1536x1536 wp-image-2687\" alt=\"Compet\u00eancias Socioemocionais da BNCC\" \/>\t\t\t\t\t\t\t\t\t\t\t\t\t\t\t<\/div>\n\t\t\t\t<\/div>\n\t\t\t\t<section class=\"elementor-section elementor-inner-section elementor-element elementor-element-4ef9ffc elementor-section-boxed elementor-section-height-default elementor-section-height-default\" data-id=\"4ef9ffc\" data-element_type=\"section\">\n\t\t\t\t\t\t<div class=\"elementor-container elementor-column-gap-default\">\n\t\t\t\t\t<div class=\"elementor-column elementor-col-50 elementor-inner-column elementor-element elementor-element-e68be00\" data-id=\"e68be00\" data-element_type=\"column\">\n\t\t\t<div class=\"elementor-widget-wrap elementor-element-populated\">\n\t\t\t\t\t\t<div class=\"elementor-element elementor-element-73de7fb elementor-align-center elementor-widget__width-initial elementor-widget elementor-widget-button\" data-id=\"73de7fb\" data-element_type=\"widget\" data-widget_type=\"button.default\">\n\t\t\t\t<div class=\"elementor-widget-container\">\n\t\t\t\t\t\t\t\t\t<div class=\"elementor-button-wrapper\">\n\t\t\t\t\t<a class=\"elementor-button elementor-button-link elementor-size-md\" href=\"https:\/\/schoolastic-app.com\/sugestao-de-implantacao\/\">\n\t\t\t\t\t\t<span class=\"elementor-button-content-wrapper\">\n\t\t\t\t\t\t\t\t\t<span class=\"elementor-button-text\">Quer ver um infogr\u00e1fico de implementa\u00e7\u00e3o?<\/span>\n\t\t\t\t\t<\/span>\n\t\t\t\t\t<\/a>\n\t\t\t\t<\/div>\n\t\t\t\t\t\t\t\t<\/div>\n\t\t\t\t<\/div>\n\t\t\t\t\t<\/div>\n\t\t<\/div>\n\t\t\t\t<div class=\"elementor-column elementor-col-50 elementor-inner-column elementor-element elementor-element-7c1e9bd\" data-id=\"7c1e9bd\" data-element_type=\"column\">\n\t\t\t<div class=\"elementor-widget-wrap elementor-element-populated\">\n\t\t\t\t\t\t<div class=\"elementor-element elementor-element-7b516ce elementor-align-center elementor-widget elementor-widget-button\" data-id=\"7b516ce\" data-element_type=\"widget\" data-widget_type=\"button.default\">\n\t\t\t\t<div class=\"elementor-widget-container\">\n\t\t\t\t\t\t\t\t\t<div class=\"elementor-button-wrapper\">\n\t\t\t\t\t<a class=\"elementor-button elementor-button-link elementor-size-md\" href=\"https:\/\/schoolastic-app.com\/?page_id=1161\">\n\t\t\t\t\t\t<span class=\"elementor-button-content-wrapper\">\n\t\t\t\t\t\t\t\t\t<span class=\"elementor-button-text\">Fale conosco<\/span>\n\t\t\t\t\t<\/span>\n\t\t\t\t\t<\/a>\n\t\t\t\t<\/div>\n\t\t\t\t\t\t\t\t<\/div>\n\t\t\t\t<\/div>\n\t\t\t\t\t<\/div>\n\t\t<\/div>\n\t\t\t\t\t<\/div>\n\t\t<\/section>\n\t\t\t\t\t<\/div>\n\t\t<\/div>\n\t\t\t\t\t<\/div>\n\t\t<\/section>\n\t\t\t\t<\/div>\n\t\t","protected":false},"excerpt":{"rendered":"<p>Desenvolver habilidades de vida e compet\u00eancias socioemocionais \u00e9 um processo que requer est\u00edmulos em diferentes frentes. Qu\u00e3o mais articulados e recorrentes forem estes est\u00edmulos, maiores os impactos percept\u00edveis a partir dos padr\u00f5es comportamentais dos estudantes. Imagine voc\u00ea uma escola buscando desenvolver componentes de afetividade, por exemplo e em casa a crian\u00e7a n\u00e3o se deparando com a pr\u00e1tica desta tem\u00e1tica? E&#8230;<\/p>\n","protected":false},"author":1,"featured_media":0,"parent":0,"menu_order":0,"comment_status":"closed","ping_status":"closed","template":"","meta":{"_monsterinsights_skip_tracking":false,"_monsterinsights_sitenote_active":false,"_monsterinsights_sitenote_note":"","_monsterinsights_sitenote_category":0,"footnotes":""},"class_list":["post-3385","page","type-page","status-publish","hentry"],"translation":{"provider":"WPGlobus","version":"3.0.0","language":"en","enabled_languages":["br","en"],"languages":{"br":{"title":true,"content":true,"excerpt":false},"en":{"title":false,"content":false,"excerpt":false}}},"_links":{"self":[{"href":"https:\/\/schoolastic-app.com\/en\/wp-json\/wp\/v2\/pages\/3385","targetHints":{"allow":["GET"]}}],"collection":[{"href":"https:\/\/schoolastic-app.com\/en\/wp-json\/wp\/v2\/pages"}],"about":[{"href":"https:\/\/schoolastic-app.com\/en\/wp-json\/wp\/v2\/types\/page"}],"author":[{"embeddable":true,"href":"https:\/\/schoolastic-app.com\/en\/wp-json\/wp\/v2\/users\/1"}],"replies":[{"embeddable":true,"href":"https:\/\/schoolastic-app.com\/en\/wp-json\/wp\/v2\/comments?post=3385"}],"version-history":[{"count":10,"href":"https:\/\/schoolastic-app.com\/en\/wp-json\/wp\/v2\/pages\/3385\/revisions"}],"predecessor-version":[{"id":3942,"href":"https:\/\/schoolastic-app.com\/en\/wp-json\/wp\/v2\/pages\/3385\/revisions\/3942"}],"wp:attachment":[{"href":"https:\/\/schoolastic-app.com\/en\/wp-json\/wp\/v2\/media?parent=3385"}],"curies":[{"name":"wp","href":"https:\/\/api.w.org\/{rel}","templated":true}]}}