{"id":3410,"date":"2021-06-08T21:02:58","date_gmt":"2021-06-09T00:02:58","guid":{"rendered":"https:\/\/schoolastic-app.com\/?page_id=3410"},"modified":"2021-06-08T21:04:00","modified_gmt":"2021-06-09T00:04:00","slug":"pedido-de-compra-homeschoolastic","status":"publish","type":"page","link":"https:\/\/schoolastic-app.com\/en\/pedido-de-compra-homeschoolastic\/","title":{"rendered":"Pedido de compra HomeSchoolastic"},"content":{"rendered":"\t\t<div data-elementor-type=\"wp-page\" data-elementor-id=\"3410\" class=\"elementor elementor-3410\">\n\t\t\t\t\t\t<section class=\"elementor-section elementor-top-section elementor-element elementor-element-f985e7b elementor-section-boxed elementor-section-height-default elementor-section-height-default\" data-id=\"f985e7b\" data-element_type=\"section\">\n\t\t\t\t\t\t<div class=\"elementor-container elementor-column-gap-default\">\n\t\t\t\t\t<div class=\"elementor-column elementor-col-100 elementor-top-column elementor-element elementor-element-c94a74c\" data-id=\"c94a74c\" data-element_type=\"column\">\n\t\t\t<div class=\"elementor-widget-wrap elementor-element-populated\">\n\t\t\t\t\t\t<div class=\"elementor-element elementor-element-b018581 elementor-widget elementor-widget-shortcode\" data-id=\"b018581\" data-element_type=\"widget\" data-widget_type=\"shortcode.default\">\n\t\t\t\t<div class=\"elementor-widget-container\">\n\t\t\t\t\t\t\t<div class=\"elementor-shortcode\">\n<div class=\"wpcf7 no-js\" id=\"wpcf7-f3408-o1\" lang=\"pt-BR\" dir=\"ltr\" data-wpcf7-id=\"3408\">\n<div class=\"screen-reader-response\"><p role=\"status\" aria-live=\"polite\" aria-atomic=\"true\"><\/p> <ul><\/ul><\/div>\n<form action=\"\/en\/wp-json\/wp\/v2\/pages\/3410#wpcf7-f3408-o1\" method=\"post\" class=\"wpcf7-form init cf7skins cf7s-topaz\" aria-label=\"Formul\u00e1rios de contato\" novalidate=\"novalidate\" data-status=\"init\">\n<div style=\"display: none;\">\n<input type=\"hidden\" name=\"_wpcf7\" value=\"3408\" \/>\n<input type=\"hidden\" name=\"_wpcf7_version\" value=\"6.0.5\" \/>\n<input type=\"hidden\" name=\"_wpcf7_locale\" value=\"pt_BR\" \/>\n<input type=\"hidden\" name=\"_wpcf7_unit_tag\" value=\"wpcf7-f3408-o1\" \/>\n<input type=\"hidden\" name=\"_wpcf7_container_post\" value=\"0\" \/>\n<input type=\"hidden\" name=\"_wpcf7_posted_data_hash\" value=\"\" \/>\n<input type=\"hidden\" name=\"_wpcf7_recaptcha_response\" value=\"\" \/>\n<\/div>\n<label>Nome: <span class=\"wpcf7-form-control-wrap\" data-name=\"seunome\"><input size=\"40\" maxlength=\"400\" class=\"wpcf7-form-control wpcf7-text wpcf7-validates-as-required\" aria-required=\"true\" aria-invalid=\"false\" value=\"\" type=\"text\" name=\"seunome\" \/><\/span><\/label>\n<label>Endere\u00e7o: <span class=\"wpcf7-form-control-wrap\" data-name=\"endereco\"><input size=\"40\" maxlength=\"400\" class=\"wpcf7-form-control wpcf7-text wpcf7-validates-as-required\" aria-required=\"true\" aria-invalid=\"false\" value=\"\" type=\"text\" name=\"endereco\" \/><\/span><\/label>\n<label>Bairro: <span class=\"wpcf7-form-control-wrap\" data-name=\"bairro\"><input size=\"40\" maxlength=\"400\" class=\"wpcf7-form-control wpcf7-text wpcf7-validates-as-required\" aria-required=\"true\" aria-invalid=\"false\" value=\"\" type=\"text\" name=\"bairro\" \/><\/span><\/label>\n<label>Cidade: <span class=\"wpcf7-form-control-wrap\" data-name=\"cidade\"><input size=\"40\" maxlength=\"400\" class=\"wpcf7-form-control wpcf7-text wpcf7-validates-as-required\" aria-required=\"true\" aria-invalid=\"false\" value=\"\" type=\"text\" name=\"cidade\" \/><\/span><\/label>\n<label>Estado: <span class=\"wpcf7-form-control-wrap\" data-name=\"estado\"><input size=\"40\" maxlength=\"400\" class=\"wpcf7-form-control wpcf7-text wpcf7-validates-as-required\" aria-required=\"true\" aria-invalid=\"false\" value=\"\" type=\"text\" name=\"estado\" \/><\/span><\/label>\n<label>CEP: <span class=\"wpcf7-form-control-wrap\" data-name=\"cep\"><input size=\"40\" maxlength=\"400\" class=\"wpcf7-form-control wpcf7-text wpcf7-validates-as-required\" aria-required=\"true\" aria-invalid=\"false\" value=\"\" type=\"text\" name=\"cep\" \/><\/span><\/label>\n<label>CPF: <span class=\"wpcf7-form-control-wrap\" data-name=\"CPF\"><input size=\"40\" maxlength=\"400\" class=\"wpcf7-form-control wpcf7-text wpcf7-validates-as-required\" aria-required=\"true\" aria-invalid=\"false\" value=\"\" type=\"text\" name=\"CPF\" \/><\/span><\/label>\n<label>Seu E-mail: <span class=\"wpcf7-form-control-wrap\" data-name=\"email\"><input size=\"40\" maxlength=\"400\" class=\"wpcf7-form-control wpcf7-email wpcf7-validates-as-required wpcf7-text wpcf7-validates-as-email\" aria-required=\"true\" aria-invalid=\"false\" value=\"\" type=\"email\" name=\"email\" \/><\/span><\/label>\n<label>Seu telefone: <span class=\"wpcf7-form-control-wrap\" data-name=\"telefone\"><input size=\"40\" maxlength=\"400\" class=\"wpcf7-form-control wpcf7-text wpcf7-validates-as-required\" aria-required=\"true\" aria-invalid=\"false\" value=\"\" type=\"text\" name=\"telefone\" \/><\/span><\/label>\n<label>N\u00famero de alunos na resid\u00eancia: <span class=\"wpcf7-form-control-wrap\" data-name=\"numero\"><input size=\"40\" maxlength=\"400\" class=\"wpcf7-form-control wpcf7-text wpcf7-validates-as-required\" aria-required=\"true\" aria-invalid=\"false\" value=\"\" type=\"text\" name=\"numero\" \/><\/span><\/label>\n<label>N\u00edveis de ensino que ir\u00e1 utilizar: <label style=\"color:black\" ><span class=\"wpcf7-form-control-wrap\" data-name=\"assunto1\"><select class=\"wpcf7-form-control wpcf7-select custom-select\" aria-invalid=\"false\" name=\"assunto1\"><option value=\"Selecione\">Selecione<\/option><option value=\"Somente ensino infantil\">Somente ensino infantil<\/option><option value=\"Ensino infantil + anos iniciais\">Ensino infantil + anos iniciais<\/option><option value=\"Somente anos Iniciais\">Somente anos Iniciais<\/option><option value=\"Somente anos Finais\">Somente anos Finais<\/option><option value=\"Todo ensino b\u00e1sico\">Todo ensino b\u00e1sico<\/option><option value=\"Somente ensino m\u00e9dio\">Somente ensino m\u00e9dio<\/option><option value=\"Anos finais + Ensino m\u00e9dio\">Anos finais + Ensino m\u00e9dio<\/option><\/select><\/span><\/label>\n<label>Aceito o valor de R$ 290,00 por ano: <label style=\"color:black\" ><span class=\"wpcf7-form-control-wrap\" data-name=\"resposta\"><select class=\"wpcf7-form-control wpcf7-select custom-select\" aria-invalid=\"false\" name=\"resposta\"><option value=\"Selecione\">Selecione<\/option><option value=\"Sim\">Sim<\/option><option value=\"N\u00e3o\">N\u00e3o<\/option><\/select><\/span><\/label>\n<label>Aceito o curso de forma\u00e7\u00e3o de Pais Educadores, com certificado, pelo valor promocional de R$ 1.000,00: <label style=\"color:black\" ><span class=\"wpcf7-form-control-wrap\" data-name=\"resposta2\"><select class=\"wpcf7-form-control wpcf7-select custom-select\" aria-invalid=\"false\" name=\"resposta2\"><option value=\"Selecione\">Selecione<\/option><option value=\"Sim\">Sim<\/option><option value=\"N\u00e3o\">N\u00e3o<\/option><\/select><\/span><\/label>\n<label>T\u00eam ci\u00eancia do car\u00e1ter e per\u00edodo promocional deste pacote? <label style=\"color:black\" ><span class=\"wpcf7-form-control-wrap\" data-name=\"resposta3\"><select class=\"wpcf7-form-control wpcf7-select custom-select\" aria-invalid=\"false\" name=\"resposta3\"><option value=\"Selecione\">Selecione<\/option><option value=\"Sim\">Sim<\/option><option value=\"N\u00e3o\">N\u00e3o<\/option><\/select><\/span><\/label>\n<label>Concorda com os termos de uso descritos no site? <label style=\"color:black\" ><span class=\"wpcf7-form-control-wrap\" data-name=\"resposta4\"><select class=\"wpcf7-form-control wpcf7-select custom-select\" aria-invalid=\"false\" name=\"resposta4\"><option value=\"Selecione\">Selecione<\/option><option value=\"Sim\">Sim<\/option><option value=\"N\u00e3o\">N\u00e3o<\/option><\/select><\/span><\/label>\n\n\n<input class=\"wpcf7-form-control wpcf7-submit has-spinner\" type=\"submit\" value=\"ENVIAR\" \/><div class=\"wpcf7-response-output\" aria-hidden=\"true\"><\/div>\n<\/form>\n<\/div>\n<\/div>\n\t\t\t\t\t\t<\/div>\n\t\t\t\t<\/div>\n\t\t\t\t\t<\/div>\n\t\t<\/div>\n\t\t\t\t\t<\/div>\n\t\t<\/section>\n\t\t\t\t<\/div>\n\t\t","protected":false},"excerpt":{"rendered":"","protected":false},"author":1,"featured_media":0,"parent":0,"menu_order":0,"comment_status":"closed","ping_status":"closed","template":"","meta":{"_monsterinsights_skip_tracking":false,"_monsterinsights_sitenote_active":false,"_monsterinsights_sitenote_note":"","_monsterinsights_sitenote_category":0,"footnotes":""},"class_list":["post-3410","page","type-page","status-publish","hentry"],"translation":{"provider":"WPGlobus","version":"3.0.0","language":"en","enabled_languages":["br","en"],"languages":{"br":{"title":true,"content":true,"excerpt":false},"en":{"title":false,"content":false,"excerpt":false}}},"_links":{"self":[{"href":"https:\/\/schoolastic-app.com\/en\/wp-json\/wp\/v2\/pages\/3410","targetHints":{"allow":["GET"]}}],"collection":[{"href":"https:\/\/schoolastic-app.com\/en\/wp-json\/wp\/v2\/pages"}],"about":[{"href":"https:\/\/schoolastic-app.com\/en\/wp-json\/wp\/v2\/types\/page"}],"author":[{"embeddable":true,"href":"https:\/\/schoolastic-app.com\/en\/wp-json\/wp\/v2\/users\/1"}],"replies":[{"embeddable":true,"href":"https:\/\/schoolastic-app.com\/en\/wp-json\/wp\/v2\/comments?post=3410"}],"version-history":[{"count":0,"href":"https:\/\/schoolastic-app.com\/en\/wp-json\/wp\/v2\/pages\/3410\/revisions"}],"wp:attachment":[{"href":"https:\/\/schoolastic-app.com\/en\/wp-json\/wp\/v2\/media?parent=3410"}],"curies":[{"name":"wp","href":"https:\/\/api.w.org\/{rel}","templated":true}]}}