{"id":3502,"date":"2021-06-17T10:46:49","date_gmt":"2021-06-17T13:46:49","guid":{"rendered":"https:\/\/schoolastic-app.com\/?page_id=3502"},"modified":"2021-06-17T10:57:36","modified_gmt":"2021-06-17T13:57:36","slug":"infografico-homeschoolastic","status":"publish","type":"page","link":"https:\/\/schoolastic-app.com\/en\/infografico-homeschoolastic\/","title":{"rendered":"Infogr\u00e1fico HomeSchoolastic"},"content":{"rendered":"\t\t<div data-elementor-type=\"wp-page\" data-elementor-id=\"3502\" class=\"elementor elementor-3502\">\n\t\t\t\t\t\t<section class=\"elementor-section elementor-top-section elementor-element elementor-element-85fa050 elementor-section-boxed elementor-section-height-default elementor-section-height-default\" data-id=\"85fa050\" data-element_type=\"section\">\n\t\t\t\t\t\t<div class=\"elementor-container elementor-column-gap-default\">\n\t\t\t\t\t<div class=\"elementor-column elementor-col-100 elementor-top-column elementor-element elementor-element-d45e783\" data-id=\"d45e783\" data-element_type=\"column\">\n\t\t\t<div class=\"elementor-widget-wrap elementor-element-populated\">\n\t\t\t\t\t\t<div class=\"elementor-element elementor-element-67017c2 elementor-widget elementor-widget-image\" data-id=\"67017c2\" data-element_type=\"widget\" data-widget_type=\"image.default\">\n\t\t\t\t<div class=\"elementor-widget-container\">\n\t\t\t\t\t\t\t\t\t\t\t\t\t\t\t<img fetchpriority=\"high\" decoding=\"async\" width=\"410\" height=\"1024\" src=\"https:\/\/schoolastic-app.com\/wp-content\/uploads\/2021\/06\/HomeSchoolastic-2-410x1024.png\" class=\"attachment-large size-large wp-image-3518\" alt=\"Infogr\u00e1fico HomeSchoolastic\" srcset=\"https:\/\/schoolastic-app.com\/wp-content\/uploads\/2021\/06\/HomeSchoolastic-2-410x1024.png 410w, https:\/\/schoolastic-app.com\/wp-content\/uploads\/2021\/06\/HomeSchoolastic-2-120x300.png 120w, https:\/\/schoolastic-app.com\/wp-content\/uploads\/2021\/06\/HomeSchoolastic-2-768x1920.png 768w, https:\/\/schoolastic-app.com\/wp-content\/uploads\/2021\/06\/HomeSchoolastic-2.png 800w\" sizes=\"(max-width: 410px) 100vw, 410px\" \/>\t\t\t\t\t\t\t\t\t\t\t\t\t\t\t<\/div>\n\t\t\t\t<\/div>\n\t\t\t\t\t<\/div>\n\t\t<\/div>\n\t\t\t\t\t<\/div>\n\t\t<\/section>\n\t\t\t\t<section class=\"elementor-section elementor-top-section elementor-element elementor-element-78389bb elementor-section-boxed elementor-section-height-default elementor-section-height-default\" data-id=\"78389bb\" data-element_type=\"section\">\n\t\t\t\t\t\t<div class=\"elementor-container elementor-column-gap-default\">\n\t\t\t\t\t<div class=\"elementor-column elementor-col-100 elementor-top-column elementor-element elementor-element-11a774a\" data-id=\"11a774a\" data-element_type=\"column\">\n\t\t\t<div class=\"elementor-widget-wrap\">\n\t\t\t\t\t\t\t<\/div>\n\t\t<\/div>\n\t\t\t\t\t<\/div>\n\t\t<\/section>\n\t\t\t\t<section class=\"elementor-section elementor-top-section elementor-element elementor-element-1e2203f elementor-section-boxed elementor-section-height-default elementor-section-height-default\" data-id=\"1e2203f\" data-element_type=\"section\">\n\t\t\t\t\t\t<div class=\"elementor-container elementor-column-gap-default\">\n\t\t\t\t\t<div class=\"elementor-column elementor-col-100 elementor-top-column elementor-element elementor-element-1cb67fe\" data-id=\"1cb67fe\" data-element_type=\"column\">\n\t\t\t<div class=\"elementor-widget-wrap elementor-element-populated\">\n\t\t\t\t\t\t<div class=\"elementor-element elementor-element-ac55455 elementor-widget elementor-widget-image\" data-id=\"ac55455\" data-element_type=\"widget\" data-widget_type=\"image.default\">\n\t\t\t\t<div class=\"elementor-widget-container\">\n\t\t\t\t\t\t\t\t\t\t\t\t\t\t\t<img decoding=\"async\" width=\"171\" height=\"191\" src=\"https:\/\/schoolastic-app.com\/wp-content\/uploads\/2021\/05\/Be-novo.png\" class=\"attachment-1536x1536 size-1536x1536 wp-image-2687\" alt=\"Compet\u00eancias Socioemocionais da BNCC\" \/>\t\t\t\t\t\t\t\t\t\t\t\t\t\t\t<\/div>\n\t\t\t\t<\/div>\n\t\t\t\t<div class=\"elementor-element elementor-element-3a4411b elementor-align-center elementor-widget elementor-widget-button\" data-id=\"3a4411b\" data-element_type=\"widget\" data-widget_type=\"button.default\">\n\t\t\t\t<div class=\"elementor-widget-container\">\n\t\t\t\t\t\t\t\t\t<div class=\"elementor-button-wrapper\">\n\t\t\t\t\t<a class=\"elementor-button elementor-button-link elementor-size-md\" href=\"https:\/\/schoolastic-app.com\/?page_id=1161\">\n\t\t\t\t\t\t<span class=\"elementor-button-content-wrapper\">\n\t\t\t\t\t\t\t\t\t<span class=\"elementor-button-text\">Fale conosco<\/span>\n\t\t\t\t\t<\/span>\n\t\t\t\t\t<\/a>\n\t\t\t\t<\/div>\n\t\t\t\t\t\t\t\t<\/div>\n\t\t\t\t<\/div>\n\t\t\t\t\t<\/div>\n\t\t<\/div>\n\t\t\t\t\t<\/div>\n\t\t<\/section>\n\t\t\t\t<\/div>\n\t\t","protected":false},"excerpt":{"rendered":"<p>SchoolasticHomeschooling R$499 R$290 \u00c0 vista \/ por fam\u00edlia \/ por ano\/ condi\u00e7\u00e3o de lan\u00e7amentoOu 12x de R$49,90 no cart\u00e3o Inclui Todas as funcionalidades da plataforma Todos os indicadores Relat\u00f3rios fixos da plataforma. Suporte via email, whatsapp e web conference agendado quando necess\u00e1rio. Pe\u00e7a Agora Fale conosco<\/p>\n","protected":false},"author":1,"featured_media":0,"parent":0,"menu_order":0,"comment_status":"closed","ping_status":"closed","template":"","meta":{"_monsterinsights_skip_tracking":false,"_monsterinsights_sitenote_active":false,"_monsterinsights_sitenote_note":"","_monsterinsights_sitenote_category":0,"footnotes":""},"class_list":["post-3502","page","type-page","status-publish","hentry"],"translation":{"provider":"WPGlobus","version":"3.0.0","language":"en","enabled_languages":["br","en"],"languages":{"br":{"title":true,"content":true,"excerpt":false},"en":{"title":false,"content":false,"excerpt":false}}},"_links":{"self":[{"href":"https:\/\/schoolastic-app.com\/en\/wp-json\/wp\/v2\/pages\/3502","targetHints":{"allow":["GET"]}}],"collection":[{"href":"https:\/\/schoolastic-app.com\/en\/wp-json\/wp\/v2\/pages"}],"about":[{"href":"https:\/\/schoolastic-app.com\/en\/wp-json\/wp\/v2\/types\/page"}],"author":[{"embeddable":true,"href":"https:\/\/schoolastic-app.com\/en\/wp-json\/wp\/v2\/users\/1"}],"replies":[{"embeddable":true,"href":"https:\/\/schoolastic-app.com\/en\/wp-json\/wp\/v2\/comments?post=3502"}],"version-history":[{"count":0,"href":"https:\/\/schoolastic-app.com\/en\/wp-json\/wp\/v2\/pages\/3502\/revisions"}],"wp:attachment":[{"href":"https:\/\/schoolastic-app.com\/en\/wp-json\/wp\/v2\/media?parent=3502"}],"curies":[{"name":"wp","href":"https:\/\/api.w.org\/{rel}","templated":true}]}}