{"id":3956,"date":"2023-10-03T07:48:53","date_gmt":"2023-10-03T10:48:53","guid":{"rendered":"https:\/\/schoolastic-app.com\/?page_id=3956"},"modified":"2023-10-03T08:33:48","modified_gmt":"2023-10-03T11:33:48","slug":"indicadores-de-aptidoes-de-aprendizagem-2","status":"publish","type":"page","link":"https:\/\/schoolastic-app.com\/en\/indicadores-de-aptidoes-de-aprendizagem-2\/","title":{"rendered":"Indicadores de Aptid\u00f5es de aprendizagem"},"content":{"rendered":"\t\t<div data-elementor-type=\"wp-page\" data-elementor-id=\"3956\" class=\"elementor elementor-3956\">\n\t\t\t\t\t\t<section class=\"elementor-section elementor-top-section elementor-element elementor-element-36be0b3 elementor-section-boxed elementor-section-height-default elementor-section-height-default\" data-id=\"36be0b3\" data-element_type=\"section\">\n\t\t\t\t\t\t<div class=\"elementor-container elementor-column-gap-default\">\n\t\t\t\t\t<div class=\"elementor-column elementor-col-100 elementor-top-column elementor-element elementor-element-2b1b665\" data-id=\"2b1b665\" data-element_type=\"column\">\n\t\t\t<div class=\"elementor-widget-wrap elementor-element-populated\">\n\t\t\t\t\t\t<section class=\"elementor-section elementor-inner-section elementor-element elementor-element-7cf9ed8 elementor-section-boxed elementor-section-height-default elementor-section-height-default\" data-id=\"7cf9ed8\" data-element_type=\"section\">\n\t\t\t\t\t\t<div class=\"elementor-container elementor-column-gap-default\">\n\t\t\t\t\t<div class=\"elementor-column elementor-col-33 elementor-inner-column elementor-element elementor-element-6a1bef0\" data-id=\"6a1bef0\" data-element_type=\"column\">\n\t\t\t<div class=\"elementor-widget-wrap elementor-element-populated\">\n\t\t\t\t\t\t<div class=\"elementor-element elementor-element-6dd46cf elementor-widget elementor-widget-image\" data-id=\"6dd46cf\" data-element_type=\"widget\" data-widget_type=\"image.default\">\n\t\t\t\t<div class=\"elementor-widget-container\">\n\t\t\t\t\t\t\t\t\t\t\t\t\t\t\t<img decoding=\"async\" width=\"150\" height=\"150\" src=\"https:\/\/schoolastic-app.com\/wp-content\/uploads\/2021\/05\/atencao-1-150x150.png\" class=\"attachment-thumbnail size-thumbnail wp-image-892\" alt=\"\u00cdcone de Aptid\u00f5es de aprendizagem - Schoolastic\" srcset=\"https:\/\/schoolastic-app.com\/wp-content\/uploads\/2021\/05\/atencao-1-150x150.png 150w, https:\/\/schoolastic-app.com\/wp-content\/uploads\/2021\/05\/atencao-1.png 200w\" sizes=\"(max-width: 150px) 100vw, 150px\" \/>\t\t\t\t\t\t\t\t\t\t\t\t\t\t\t<\/div>\n\t\t\t\t<\/div>\n\t\t\t\t<div class=\"elementor-element elementor-element-5a2b44b elementor-widget elementor-widget-heading\" data-id=\"5a2b44b\" data-element_type=\"widget\" data-widget_type=\"heading.default\">\n\t\t\t\t<div class=\"elementor-widget-container\">\n\t\t\t\t\t<h2 class=\"elementor-heading-title elementor-size-small\">Aptid\u00e3o para ten\u00e7\u00e3o<\/h2>\t\t\t\t<\/div>\n\t\t\t\t<\/div>\n\t\t\t\t<div class=\"elementor-element elementor-element-e98f93b elementor-widget elementor-widget-text-editor\" data-id=\"e98f93b\" data-element_type=\"widget\" data-widget_type=\"text-editor.default\">\n\t\t\t\t<div class=\"elementor-widget-container\">\n\t\t\t\t\t\t\t\t\t<p>Focar em atividades mentais por tempo adequado e sem dispers\u00e3o<\/p>\t\t\t\t\t\t\t\t<\/div>\n\t\t\t\t<\/div>\n\t\t\t\t\t<\/div>\n\t\t<\/div>\n\t\t\t\t<div class=\"elementor-column elementor-col-33 elementor-inner-column elementor-element elementor-element-4ce4a3f\" data-id=\"4ce4a3f\" data-element_type=\"column\">\n\t\t\t<div class=\"elementor-widget-wrap elementor-element-populated\">\n\t\t\t\t\t\t<div class=\"elementor-element elementor-element-f13242a elementor-widget elementor-widget-image\" data-id=\"f13242a\" data-element_type=\"widget\" data-widget_type=\"image.default\">\n\t\t\t\t<div class=\"elementor-widget-container\">\n\t\t\t\t\t\t\t\t\t\t\t\t\t\t\t<img decoding=\"async\" width=\"150\" height=\"150\" src=\"https:\/\/schoolastic-app.com\/wp-content\/uploads\/2021\/05\/Aptidao-Cognitiva-150x150.png\" class=\"attachment-thumbnail size-thumbnail wp-image-893\" alt=\"\u00cdcone de Aptid\u00f5es de aprendizagem - Schoolastic\" srcset=\"https:\/\/schoolastic-app.com\/wp-content\/uploads\/2021\/05\/Aptidao-Cognitiva-150x150.png 150w, https:\/\/schoolastic-app.com\/wp-content\/uploads\/2021\/05\/Aptidao-Cognitiva.png 200w\" sizes=\"(max-width: 150px) 100vw, 150px\" \/>\t\t\t\t\t\t\t\t\t\t\t\t\t\t\t<\/div>\n\t\t\t\t<\/div>\n\t\t\t\t<div class=\"elementor-element elementor-element-dd0fdac elementor-widget elementor-widget-heading\" data-id=\"dd0fdac\" data-element_type=\"widget\" data-widget_type=\"heading.default\">\n\t\t\t\t<div class=\"elementor-widget-container\">\n\t\t\t\t\t<h2 class=\"elementor-heading-title elementor-size-small\">Aptid\u00e3o cognitiva<\/h2>\t\t\t\t<\/div>\n\t\t\t\t<\/div>\n\t\t\t\t<div class=\"elementor-element elementor-element-368b603 elementor-widget elementor-widget-text-editor\" data-id=\"368b603\" data-element_type=\"widget\" data-widget_type=\"text-editor.default\">\n\t\t\t\t<div class=\"elementor-widget-container\">\n\t\t\t\t\t\t\t\t\t<p>Aprender, refletir, organizar e apreender informa\u00e7\u00f5es sobre a realidade<\/p>\t\t\t\t\t\t\t\t<\/div>\n\t\t\t\t<\/div>\n\t\t\t\t\t<\/div>\n\t\t<\/div>\n\t\t\t\t<div class=\"elementor-column elementor-col-33 elementor-inner-column elementor-element elementor-element-8ca866c\" data-id=\"8ca866c\" data-element_type=\"column\">\n\t\t\t<div class=\"elementor-widget-wrap elementor-element-populated\">\n\t\t\t\t\t\t<div class=\"elementor-element elementor-element-c42462f elementor-widget elementor-widget-image\" data-id=\"c42462f\" data-element_type=\"widget\" data-widget_type=\"image.default\">\n\t\t\t\t<div class=\"elementor-widget-container\">\n\t\t\t\t\t\t\t\t\t\t\t\t\t\t\t<img decoding=\"async\" width=\"150\" height=\"150\" src=\"https:\/\/schoolastic-app.com\/wp-content\/uploads\/2021\/05\/Logico-Matematico-1-150x150.png\" class=\"attachment-thumbnail size-thumbnail wp-image-894\" alt=\"\u00cdcone de Aptid\u00f5es de aprendizagem - Schoolastic\" srcset=\"https:\/\/schoolastic-app.com\/wp-content\/uploads\/2021\/05\/Logico-Matematico-1-150x150.png 150w, https:\/\/schoolastic-app.com\/wp-content\/uploads\/2021\/05\/Logico-Matematico-1.png 200w\" sizes=\"(max-width: 150px) 100vw, 150px\" \/>\t\t\t\t\t\t\t\t\t\t\t\t\t\t\t<\/div>\n\t\t\t\t<\/div>\n\t\t\t\t<div class=\"elementor-element elementor-element-8c57ad8 elementor-widget elementor-widget-heading\" data-id=\"8c57ad8\" data-element_type=\"widget\" data-widget_type=\"heading.default\">\n\t\t\t\t<div class=\"elementor-widget-container\">\n\t\t\t\t\t<h2 class=\"elementor-heading-title elementor-size-small\">Aptid\u00e3o para a matem\u00e1tica<\/h2>\t\t\t\t<\/div>\n\t\t\t\t<\/div>\n\t\t\t\t<div class=\"elementor-element elementor-element-b0c0b1f elementor-widget elementor-widget-text-editor\" data-id=\"b0c0b1f\" data-element_type=\"widget\" data-widget_type=\"text-editor.default\">\n\t\t\t\t<div class=\"elementor-widget-container\">\n\t\t\t\t\t\t\t\t\t<p>Aprender, refletir, organizar e apreender informa\u00e7\u00f5es sobre a realidade<\/p>\t\t\t\t\t\t\t\t<\/div>\n\t\t\t\t<\/div>\n\t\t\t\t\t<\/div>\n\t\t<\/div>\n\t\t\t\t\t<\/div>\n\t\t<\/section>\n\t\t\t\t<section class=\"elementor-section elementor-inner-section elementor-element elementor-element-6943c4a elementor-section-boxed elementor-section-height-default elementor-section-height-default\" data-id=\"6943c4a\" data-element_type=\"section\">\n\t\t\t\t\t\t<div class=\"elementor-container elementor-column-gap-default\">\n\t\t\t\t\t<div class=\"elementor-column elementor-col-33 elementor-inner-column elementor-element elementor-element-64aa5d7\" data-id=\"64aa5d7\" data-element_type=\"column\">\n\t\t\t<div class=\"elementor-widget-wrap elementor-element-populated\">\n\t\t\t\t\t\t<div class=\"elementor-element elementor-element-e04659d elementor-widget elementor-widget-image\" data-id=\"e04659d\" data-element_type=\"widget\" data-widget_type=\"image.default\">\n\t\t\t\t<div class=\"elementor-widget-container\">\n\t\t\t\t\t\t\t\t\t\t\t\t\t\t\t<img loading=\"lazy\" decoding=\"async\" width=\"150\" height=\"150\" src=\"https:\/\/schoolastic-app.com\/wp-content\/uploads\/2021\/05\/Aptidao-para-Leitura-150x150.png\" class=\"attachment-thumbnail size-thumbnail wp-image-895\" alt=\"\u00cdcone de Aptid\u00f5es de aprendizagem - Schoolastic\" srcset=\"https:\/\/schoolastic-app.com\/wp-content\/uploads\/2021\/05\/Aptidao-para-Leitura-150x150.png 150w, https:\/\/schoolastic-app.com\/wp-content\/uploads\/2021\/05\/Aptidao-para-Leitura.png 200w\" sizes=\"(max-width: 150px) 100vw, 150px\" \/>\t\t\t\t\t\t\t\t\t\t\t\t\t\t\t<\/div>\n\t\t\t\t<\/div>\n\t\t\t\t<div class=\"elementor-element elementor-element-873af40 elementor-widget elementor-widget-heading\" data-id=\"873af40\" data-element_type=\"widget\" data-widget_type=\"heading.default\">\n\t\t\t\t<div class=\"elementor-widget-container\">\n\t\t\t\t\t<h2 class=\"elementor-heading-title elementor-size-small\">Aptid\u00e3o para a leitura<\/h2>\t\t\t\t<\/div>\n\t\t\t\t<\/div>\n\t\t\t\t<div class=\"elementor-element elementor-element-6f38e41 elementor-widget elementor-widget-text-editor\" data-id=\"6f38e41\" data-element_type=\"widget\" data-widget_type=\"text-editor.default\">\n\t\t\t\t<div class=\"elementor-widget-container\">\n\t\t\t\t\t\t\t\t\t<p>Ler, decodificar, compreender e interpretar as palavras, frases e textos<\/p>\t\t\t\t\t\t\t\t<\/div>\n\t\t\t\t<\/div>\n\t\t\t\t\t<\/div>\n\t\t<\/div>\n\t\t\t\t<div class=\"elementor-column elementor-col-33 elementor-inner-column elementor-element elementor-element-4967734\" data-id=\"4967734\" data-element_type=\"column\">\n\t\t\t<div class=\"elementor-widget-wrap elementor-element-populated\">\n\t\t\t\t\t\t<div class=\"elementor-element elementor-element-50cd9ce elementor-widget elementor-widget-image\" data-id=\"50cd9ce\" data-element_type=\"widget\" data-widget_type=\"image.default\">\n\t\t\t\t<div class=\"elementor-widget-container\">\n\t\t\t\t\t\t\t\t\t\t\t\t\t\t\t<img loading=\"lazy\" decoding=\"async\" width=\"150\" height=\"150\" src=\"https:\/\/schoolastic-app.com\/wp-content\/uploads\/2021\/05\/Aptidao-para-Escrita-150x150.png\" class=\"attachment-thumbnail size-thumbnail wp-image-896\" alt=\"\u00cdcone de Aptid\u00f5es de aprendizagem - Schoolastic\" srcset=\"https:\/\/schoolastic-app.com\/wp-content\/uploads\/2021\/05\/Aptidao-para-Escrita-150x150.png 150w, https:\/\/schoolastic-app.com\/wp-content\/uploads\/2021\/05\/Aptidao-para-Escrita.png 200w\" sizes=\"(max-width: 150px) 100vw, 150px\" \/>\t\t\t\t\t\t\t\t\t\t\t\t\t\t\t<\/div>\n\t\t\t\t<\/div>\n\t\t\t\t<div class=\"elementor-element elementor-element-5340449 elementor-widget elementor-widget-heading\" data-id=\"5340449\" data-element_type=\"widget\" data-widget_type=\"heading.default\">\n\t\t\t\t<div class=\"elementor-widget-container\">\n\t\t\t\t\t<h2 class=\"elementor-heading-title elementor-size-small\">Aptid\u00e3o para a escrita<\/h2>\t\t\t\t<\/div>\n\t\t\t\t<\/div>\n\t\t\t\t<div class=\"elementor-element elementor-element-7ac344f elementor-widget elementor-widget-text-editor\" data-id=\"7ac344f\" data-element_type=\"widget\" data-widget_type=\"text-editor.default\">\n\t\t\t\t<div class=\"elementor-widget-container\">\n\t\t\t\t\t\t\t\t\t<p>Ler, decodificar, compreender e interpretar as palavras, frases e textos<\/p>\t\t\t\t\t\t\t\t<\/div>\n\t\t\t\t<\/div>\n\t\t\t\t\t<\/div>\n\t\t<\/div>\n\t\t\t\t<div class=\"elementor-column elementor-col-33 elementor-inner-column elementor-element elementor-element-6558289\" data-id=\"6558289\" data-element_type=\"column\">\n\t\t\t<div class=\"elementor-widget-wrap elementor-element-populated\">\n\t\t\t\t\t\t<div class=\"elementor-element elementor-element-0cbea82 elementor-widget elementor-widget-image\" data-id=\"0cbea82\" data-element_type=\"widget\" data-widget_type=\"image.default\">\n\t\t\t\t<div class=\"elementor-widget-container\">\n\t\t\t\t\t\t\t\t\t\t\t\t\t\t\t<img loading=\"lazy\" decoding=\"async\" width=\"150\" height=\"150\" src=\"https:\/\/schoolastic-app.com\/wp-content\/uploads\/2021\/05\/Psicomotricidade-Hiperatividade-150x150.png\" class=\"attachment-thumbnail size-thumbnail wp-image-897\" alt=\"\u00cdcone de Aptid\u00f5es de aprendizagem - Schoolastic\" srcset=\"https:\/\/schoolastic-app.com\/wp-content\/uploads\/2021\/05\/Psicomotricidade-Hiperatividade-150x150.png 150w, https:\/\/schoolastic-app.com\/wp-content\/uploads\/2021\/05\/Psicomotricidade-Hiperatividade.png 200w\" sizes=\"(max-width: 150px) 100vw, 150px\" \/>\t\t\t\t\t\t\t\t\t\t\t\t\t\t\t<\/div>\n\t\t\t\t<\/div>\n\t\t\t\t<div class=\"elementor-element elementor-element-5c63131 elementor-widget elementor-widget-heading\" data-id=\"5c63131\" data-element_type=\"widget\" data-widget_type=\"heading.default\">\n\t\t\t\t<div class=\"elementor-widget-container\">\n\t\t\t\t\t<h2 class=\"elementor-heading-title elementor-size-small\">Aptid\u00e3o psicomotricial<\/h2>\t\t\t\t<\/div>\n\t\t\t\t<\/div>\n\t\t\t\t<div class=\"elementor-element elementor-element-bc1ea51 elementor-widget elementor-widget-text-editor\" data-id=\"bc1ea51\" data-element_type=\"widget\" data-widget_type=\"text-editor.default\">\n\t\t\t\t<div class=\"elementor-widget-container\">\n\t\t\t\t\t\t\t\t\t<p style=\"box-sizing: inherit; text-align: start;\">Capacidade de coordenar os movimentos do corpo com os est\u00edmulos do c\u00e9rebro, envolvendo aspectos cognitivos, afetivos e motores<\/p>\t\t\t\t\t\t\t\t<\/div>\n\t\t\t\t<\/div>\n\t\t\t\t\t<\/div>\n\t\t<\/div>\n\t\t\t\t\t<\/div>\n\t\t<\/section>\n\t\t\t\t<div class=\"elementor-element elementor-element-27ec880 elementor-widget elementor-widget-text-editor\" data-id=\"27ec880\" data-element_type=\"widget\" data-widget_type=\"text-editor.default\">\n\t\t\t\t<div class=\"elementor-widget-container\">\n\t\t\t\t\t\t\t\t\t<p><span style=\"text-align: start;\">As matrizes observacionais para este conjunto de indicadores, s\u00e3o aplicados durante a fase de alfabetiza\u00e7\u00e3o, durante os anos iniciais.<\/span><\/p><p><span style=\"text-align: start;\">Os sem\u00e1foros representam os seguintes aconselhamentos<\/span>:<\/p>\t\t\t\t\t\t\t\t<\/div>\n\t\t\t\t<\/div>\n\t\t\t\t<section class=\"elementor-section elementor-inner-section elementor-element elementor-element-c774872 elementor-section-boxed elementor-section-height-default elementor-section-height-default\" data-id=\"c774872\" data-element_type=\"section\">\n\t\t\t\t\t\t<div class=\"elementor-container elementor-column-gap-default\">\n\t\t\t\t\t<div class=\"elementor-column elementor-col-33 elementor-inner-column elementor-element elementor-element-f81f023\" data-id=\"f81f023\" data-element_type=\"column\">\n\t\t\t<div class=\"elementor-widget-wrap elementor-element-populated\">\n\t\t\t\t\t\t<div class=\"elementor-element elementor-element-419e48f elementor-widget elementor-widget-image\" data-id=\"419e48f\" data-element_type=\"widget\" data-widget_type=\"image.default\">\n\t\t\t\t<div class=\"elementor-widget-container\">\n\t\t\t\t\t\t\t\t\t\t\t\t\t\t\t<img loading=\"lazy\" decoding=\"async\" width=\"128\" height=\"124\" src=\"https:\/\/schoolastic-app.com\/wp-content\/uploads\/2021\/05\/Verde.png\" class=\"attachment-thumbnail size-thumbnail wp-image-864\" alt=\"\" \/>\t\t\t\t\t\t\t\t\t\t\t\t\t\t\t<\/div>\n\t\t\t\t<\/div>\n\t\t\t\t<div class=\"elementor-element elementor-element-3ec4770 elementor-widget elementor-widget-text-editor\" data-id=\"3ec4770\" data-element_type=\"widget\" data-widget_type=\"text-editor.default\">\n\t\t\t\t<div class=\"elementor-widget-container\">\n\t\t\t\t\t\t\t\t\t<p>Tratam-se de aptid\u00f5es que est\u00e3o em desenvolvimento adequado para a fase de alfabetiza\u00e7\u00e3o da crian\u00e7a.<\/p>\t\t\t\t\t\t\t\t<\/div>\n\t\t\t\t<\/div>\n\t\t\t\t\t<\/div>\n\t\t<\/div>\n\t\t\t\t<div class=\"elementor-column elementor-col-33 elementor-inner-column elementor-element elementor-element-a468e9b\" data-id=\"a468e9b\" data-element_type=\"column\">\n\t\t\t<div class=\"elementor-widget-wrap elementor-element-populated\">\n\t\t\t\t\t\t<div class=\"elementor-element elementor-element-6b06b7e elementor-widget elementor-widget-image\" data-id=\"6b06b7e\" data-element_type=\"widget\" data-widget_type=\"image.default\">\n\t\t\t\t<div class=\"elementor-widget-container\">\n\t\t\t\t\t\t\t\t\t\t\t\t\t\t\t<img loading=\"lazy\" decoding=\"async\" width=\"128\" height=\"124\" src=\"https:\/\/schoolastic-app.com\/wp-content\/uploads\/2021\/05\/Amarelo.png\" class=\"attachment-thumbnail size-thumbnail wp-image-865\" alt=\"\" \/>\t\t\t\t\t\t\t\t\t\t\t\t\t\t\t<\/div>\n\t\t\t\t<\/div>\n\t\t\t\t<div class=\"elementor-element elementor-element-b11adcf elementor-widget elementor-widget-text-editor\" data-id=\"b11adcf\" data-element_type=\"widget\" data-widget_type=\"text-editor.default\">\n\t\t\t\t<div class=\"elementor-widget-container\">\n\t\t\t\t\t\t\t\t\t<p>Indicam aptid\u00f5es que n\u00e3o est\u00e3o se desenvolvendo plenamente na fase de alfabetiza\u00e7\u00e3o da crian\u00e7a, exigindo acompanhamento e aten\u00e7\u00e3o de professores e pais<\/p>\t\t\t\t\t\t\t\t<\/div>\n\t\t\t\t<\/div>\n\t\t\t\t\t<\/div>\n\t\t<\/div>\n\t\t\t\t<div class=\"elementor-column elementor-col-33 elementor-inner-column elementor-element elementor-element-245d53f\" data-id=\"245d53f\" data-element_type=\"column\">\n\t\t\t<div class=\"elementor-widget-wrap elementor-element-populated\">\n\t\t\t\t\t\t<div class=\"elementor-element elementor-element-4ea375b elementor-widget elementor-widget-image\" data-id=\"4ea375b\" data-element_type=\"widget\" data-widget_type=\"image.default\">\n\t\t\t\t<div class=\"elementor-widget-container\">\n\t\t\t\t\t\t\t\t\t\t\t\t\t\t\t<img loading=\"lazy\" decoding=\"async\" width=\"128\" height=\"124\" src=\"https:\/\/schoolastic-app.com\/wp-content\/uploads\/2021\/05\/Vermelho.png\" class=\"attachment-thumbnail size-thumbnail wp-image-866\" alt=\"\" \/>\t\t\t\t\t\t\t\t\t\t\t\t\t\t\t<\/div>\n\t\t\t\t<\/div>\n\t\t\t\t<div class=\"elementor-element elementor-element-b13191b elementor-widget elementor-widget-text-editor\" data-id=\"b13191b\" data-element_type=\"widget\" data-widget_type=\"text-editor.default\">\n\t\t\t\t<div class=\"elementor-widget-container\">\n\t\t\t\t\t\t\t\t\t<p>Indicam aptid\u00f5es que requerem a m\u00e1xima aten\u00e7\u00e3o por parte dos professores e dos pais. Pode haver necessidade de apoio especializado para ajudar a crian\u00e7a em suas dificuldades de aprendizagem correspondentes<\/p>\t\t\t\t\t\t\t\t<\/div>\n\t\t\t\t<\/div>\n\t\t\t\t\t<\/div>\n\t\t<\/div>\n\t\t\t\t\t<\/div>\n\t\t<\/section>\n\t\t\t\t\t<\/div>\n\t\t<\/div>\n\t\t\t\t\t<\/div>\n\t\t<\/section>\n\t\t\t\t<section class=\"elementor-section elementor-top-section elementor-element elementor-element-2a904f1 elementor-section-boxed elementor-section-height-default elementor-section-height-default\" data-id=\"2a904f1\" data-element_type=\"section\">\n\t\t\t\t\t\t<div class=\"elementor-container elementor-column-gap-default\">\n\t\t\t\t\t<div class=\"elementor-column elementor-col-100 elementor-top-column elementor-element elementor-element-5a5a8db\" data-id=\"5a5a8db\" data-element_type=\"column\">\n\t\t\t<div class=\"elementor-widget-wrap elementor-element-populated\">\n\t\t\t\t\t\t<div class=\"elementor-element elementor-element-bbcf559 elementor-widget__width-initial elementor-widget elementor-widget-image\" data-id=\"bbcf559\" data-element_type=\"widget\" data-widget_type=\"image.default\">\n\t\t\t\t<div class=\"elementor-widget-container\">\n\t\t\t\t\t\t\t\t\t\t\t\t\t\t\t<img loading=\"lazy\" decoding=\"async\" width=\"171\" height=\"191\" src=\"https:\/\/schoolastic-app.com\/wp-content\/uploads\/2021\/05\/Be-novo.png\" class=\"attachment-1536x1536 size-1536x1536 wp-image-2687\" alt=\"Compet\u00eancias Socioemocionais da BNCC\" \/>\t\t\t\t\t\t\t\t\t\t\t\t\t\t\t<\/div>\n\t\t\t\t<\/div>\n\t\t\t\t<section class=\"elementor-section elementor-inner-section elementor-element elementor-element-e1c6940 elementor-section-boxed elementor-section-height-default elementor-section-height-default\" data-id=\"e1c6940\" data-element_type=\"section\">\n\t\t\t\t\t\t<div class=\"elementor-container elementor-column-gap-default\">\n\t\t\t\t\t<div class=\"elementor-column elementor-col-50 elementor-inner-column elementor-element elementor-element-c848472\" data-id=\"c848472\" data-element_type=\"column\">\n\t\t\t<div class=\"elementor-widget-wrap elementor-element-populated\">\n\t\t\t\t\t\t<div class=\"elementor-element elementor-element-389b6c2 elementor-align-right elementor-widget__width-initial elementor-widget elementor-widget-button\" data-id=\"389b6c2\" data-element_type=\"widget\" data-widget_type=\"button.default\">\n\t\t\t\t<div class=\"elementor-widget-container\">\n\t\t\t\t\t\t\t\t\t<div class=\"elementor-button-wrapper\">\n\t\t\t\t\t<a class=\"elementor-button elementor-button-link elementor-size-md\" href=\"https:\/\/schoolastic-app.com\/?page_id=1348\">\n\t\t\t\t\t\t<span class=\"elementor-button-content-wrapper\">\n\t\t\t\t\t\t\t\t\t<span class=\"elementor-button-text\">Quer ver um infogr\u00e1fico com uma sugest\u00e3o de plano de implanta\u00e7\u00e3o?<\/span>\n\t\t\t\t\t<\/span>\n\t\t\t\t\t<\/a>\n\t\t\t\t<\/div>\n\t\t\t\t\t\t\t\t<\/div>\n\t\t\t\t<\/div>\n\t\t\t\t\t<\/div>\n\t\t<\/div>\n\t\t\t\t<div class=\"elementor-column elementor-col-50 elementor-inner-column elementor-element elementor-element-986426d\" data-id=\"986426d\" data-element_type=\"column\">\n\t\t\t<div class=\"elementor-widget-wrap elementor-element-populated\">\n\t\t\t\t\t\t<div class=\"elementor-element elementor-element-e3262a8 elementor-align-left elementor-widget__width-initial elementor-widget elementor-widget-button\" data-id=\"e3262a8\" data-element_type=\"widget\" data-widget_type=\"button.default\">\n\t\t\t\t<div class=\"elementor-widget-container\">\n\t\t\t\t\t\t\t\t\t<div class=\"elementor-button-wrapper\">\n\t\t\t\t\t<a class=\"elementor-button elementor-button-link elementor-size-md\" href=\"https:\/\/schoolastic-app.com\/?page_id=1161\">\n\t\t\t\t\t\t<span class=\"elementor-button-content-wrapper\">\n\t\t\t\t\t\t\t\t\t<span class=\"elementor-button-text\">Fale conosco<\/span>\n\t\t\t\t\t<\/span>\n\t\t\t\t\t<\/a>\n\t\t\t\t<\/div>\n\t\t\t\t\t\t\t\t<\/div>\n\t\t\t\t<\/div>\n\t\t\t\t\t<\/div>\n\t\t<\/div>\n\t\t\t\t\t<\/div>\n\t\t<\/section>\n\t\t\t\t\t<\/div>\n\t\t<\/div>\n\t\t\t\t\t<\/div>\n\t\t<\/section>\n\t\t\t\t<\/div>\n\t\t","protected":false},"excerpt":{"rendered":"<p>Aptid\u00e3o para ten\u00e7\u00e3o Focar em atividades mentais por tempo adequado e sem dispers\u00e3o Aptid\u00e3o cognitiva Aprender, refletir, organizar e apreender informa\u00e7\u00f5es sobre a realidade Aptid\u00e3o para a matem\u00e1tica Aprender, refletir, organizar e apreender informa\u00e7\u00f5es sobre a realidade Aptid\u00e3o para a leitura Ler, decodificar, compreender e interpretar as palavras, frases e textos Aptid\u00e3o para a escrita Ler, decodificar, compreender e interpretar&#8230;<\/p>\n","protected":false},"author":1,"featured_media":0,"parent":0,"menu_order":0,"comment_status":"closed","ping_status":"closed","template":"","meta":{"_monsterinsights_skip_tracking":false,"_monsterinsights_sitenote_active":false,"_monsterinsights_sitenote_note":"","_monsterinsights_sitenote_category":0,"footnotes":""},"class_list":["post-3956","page","type-page","status-publish","hentry"],"translation":{"provider":"WPGlobus","version":"3.0.0","language":"en","enabled_languages":["br","en"],"languages":{"br":{"title":true,"content":true,"excerpt":false},"en":{"title":false,"content":false,"excerpt":false}}},"_links":{"self":[{"href":"https:\/\/schoolastic-app.com\/en\/wp-json\/wp\/v2\/pages\/3956","targetHints":{"allow":["GET"]}}],"collection":[{"href":"https:\/\/schoolastic-app.com\/en\/wp-json\/wp\/v2\/pages"}],"about":[{"href":"https:\/\/schoolastic-app.com\/en\/wp-json\/wp\/v2\/types\/page"}],"author":[{"embeddable":true,"href":"https:\/\/schoolastic-app.com\/en\/wp-json\/wp\/v2\/users\/1"}],"replies":[{"embeddable":true,"href":"https:\/\/schoolastic-app.com\/en\/wp-json\/wp\/v2\/comments?post=3956"}],"version-history":[{"count":16,"href":"https:\/\/schoolastic-app.com\/en\/wp-json\/wp\/v2\/pages\/3956\/revisions"}],"predecessor-version":[{"id":3988,"href":"https:\/\/schoolastic-app.com\/en\/wp-json\/wp\/v2\/pages\/3956\/revisions\/3988"}],"wp:attachment":[{"href":"https:\/\/schoolastic-app.com\/en\/wp-json\/wp\/v2\/media?parent=3956"}],"curies":[{"name":"wp","href":"https:\/\/api.w.org\/{rel}","templated":true}]}}