{"id":804,"date":"2021-05-03T15:11:21","date_gmt":"2021-05-03T18:11:21","guid":{"rendered":"https:\/\/schoolastic-app.com"},"modified":"2024-03-01T19:39:00","modified_gmt":"2024-03-01T22:39:00","slug":"reconhecimentos","status":"publish","type":"page","link":"https:\/\/schoolastic-app.com\/en\/reconhecimentos\/","title":{"rendered":"Reconhecimentos"},"content":{"rendered":"\t\t<div data-elementor-type=\"wp-page\" data-elementor-id=\"804\" class=\"elementor elementor-804\">\n\t\t\t\t\t\t<section class=\"elementor-section elementor-top-section elementor-element elementor-element-5acecc32 elementor-section-boxed elementor-section-height-default elementor-section-height-default\" data-id=\"5acecc32\" data-element_type=\"section\" data-settings=\"{&quot;background_background&quot;:&quot;classic&quot;}\">\n\t\t\t\t\t\t\t<div class=\"elementor-background-overlay\"><\/div>\n\t\t\t\t\t\t\t<div class=\"elementor-container elementor-column-gap-wide\">\n\t\t\t\t\t<div class=\"elementor-column elementor-col-50 elementor-top-column elementor-element elementor-element-683f0ff9\" data-id=\"683f0ff9\" data-element_type=\"column\">\n\t\t\t<div class=\"elementor-widget-wrap elementor-element-populated\">\n\t\t\t\t\t\t<div class=\"elementor-element elementor-element-129b4a14 elementor-widget elementor-widget-heading\" data-id=\"129b4a14\" data-element_type=\"widget\" data-widget_type=\"heading.default\">\n\t\t\t\t<div class=\"elementor-widget-container\">\n\t\t\t\t\t<h2 class=\"elementor-heading-title elementor-size-default\">D\u00e1 uma olhada em algumas das <\/h2>\t\t\t\t<\/div>\n\t\t\t\t<\/div>\n\t\t\t\t<div class=\"elementor-element elementor-element-4b71b5c4 elementor-widget elementor-widget-heading\" data-id=\"4b71b5c4\" data-element_type=\"widget\" data-widget_type=\"heading.default\">\n\t\t\t\t<div class=\"elementor-widget-container\">\n\t\t\t\t\t<h2 class=\"elementor-heading-title elementor-size-default\">Nossas Conquistas<\/h2>\t\t\t\t<\/div>\n\t\t\t\t<\/div>\n\t\t\t\t<div class=\"elementor-element elementor-element-6b67d011 elementor-widget elementor-widget-text-editor\" data-id=\"6b67d011\" data-element_type=\"widget\" data-widget_type=\"text-editor.default\">\n\t\t\t\t<div class=\"elementor-widget-container\">\n\t\t\t\t\t\t\t\t\t<p>Motivo de orgulho para n\u00f3s!<\/p>\t\t\t\t\t\t\t\t<\/div>\n\t\t\t\t<\/div>\n\t\t\t\t\t<\/div>\n\t\t<\/div>\n\t\t\t\t<div class=\"elementor-column elementor-col-50 elementor-top-column elementor-element elementor-element-1f076146\" data-id=\"1f076146\" data-element_type=\"column\">\n\t\t\t<div class=\"elementor-widget-wrap elementor-element-populated\">\n\t\t\t\t\t\t<div class=\"elementor-element elementor-element-b937762 elementor-widget__width-initial elementor-widget elementor-widget-image\" data-id=\"b937762\" data-element_type=\"widget\" data-widget_type=\"image.default\">\n\t\t\t\t<div class=\"elementor-widget-container\">\n\t\t\t\t\t\t\t\t\t\t\t\t\t\t\t<img fetchpriority=\"high\" decoding=\"async\" width=\"640\" height=\"269\" src=\"https:\/\/schoolastic-app.com\/wp-content\/uploads\/2021\/05\/Holon-IQ.png\" class=\"attachment-large size-large wp-image-1196\" alt=\"Holon IQ\" srcset=\"https:\/\/schoolastic-app.com\/wp-content\/uploads\/2021\/05\/Holon-IQ.png 742w, https:\/\/schoolastic-app.com\/wp-content\/uploads\/2021\/05\/Holon-IQ-300x126.png 300w\" sizes=\"(max-width: 640px) 100vw, 640px\" \/>\t\t\t\t\t\t\t\t\t\t\t\t\t\t\t<\/div>\n\t\t\t\t<\/div>\n\t\t\t\t<div class=\"elementor-element elementor-element-dcd032b elementor-widget__width-initial elementor-widget elementor-widget-image\" data-id=\"dcd032b\" data-element_type=\"widget\" data-widget_type=\"image.default\">\n\t\t\t\t<div class=\"elementor-widget-container\">\n\t\t\t\t\t\t\t\t\t\t\t\t\t\t\t<img decoding=\"async\" width=\"640\" height=\"640\" src=\"https:\/\/schoolastic-app.com\/wp-content\/uploads\/2021\/05\/selo-iImpact-schoolastic-1024x1024-1-1024x1024.png\" class=\"attachment-large size-large wp-image-1200\" alt=\"Selo Impact Funda\u00e7\u00e3o Dom Cabral\" srcset=\"https:\/\/schoolastic-app.com\/wp-content\/uploads\/2021\/05\/selo-iImpact-schoolastic-1024x1024-1.png 1024w, https:\/\/schoolastic-app.com\/wp-content\/uploads\/2021\/05\/selo-iImpact-schoolastic-1024x1024-1-300x300.png 300w, https:\/\/schoolastic-app.com\/wp-content\/uploads\/2021\/05\/selo-iImpact-schoolastic-1024x1024-1-150x150.png 150w, https:\/\/schoolastic-app.com\/wp-content\/uploads\/2021\/05\/selo-iImpact-schoolastic-1024x1024-1-768x768.png 768w\" sizes=\"(max-width: 640px) 100vw, 640px\" \/>\t\t\t\t\t\t\t\t\t\t\t\t\t\t\t<\/div>\n\t\t\t\t<\/div>\n\t\t\t\t<div class=\"elementor-element elementor-element-5ec2fdd elementor-widget__width-initial elementor-widget elementor-widget-image\" data-id=\"5ec2fdd\" data-element_type=\"widget\" data-widget_type=\"image.default\">\n\t\t\t\t<div class=\"elementor-widget-container\">\n\t\t\t\t\t\t\t\t\t\t\t\t\t\t\t<img decoding=\"async\" width=\"640\" height=\"252\" src=\"https:\/\/schoolastic-app.com\/wp-content\/uploads\/2021\/05\/gic-brazil-1-1024x403-1.png\" class=\"attachment-large size-large wp-image-1195\" alt=\"Selo Singularity GIC 2018\" srcset=\"https:\/\/schoolastic-app.com\/wp-content\/uploads\/2021\/05\/gic-brazil-1-1024x403-1.png 1024w, https:\/\/schoolastic-app.com\/wp-content\/uploads\/2021\/05\/gic-brazil-1-1024x403-1-300x118.png 300w, https:\/\/schoolastic-app.com\/wp-content\/uploads\/2021\/05\/gic-brazil-1-1024x403-1-768x302.png 768w\" sizes=\"(max-width: 640px) 100vw, 640px\" \/>\t\t\t\t\t\t\t\t\t\t\t\t\t\t\t<\/div>\n\t\t\t\t<\/div>\n\t\t\t\t<div class=\"elementor-element elementor-element-e4b47a4 elementor-widget__width-initial elementor-widget elementor-widget-image\" data-id=\"e4b47a4\" data-element_type=\"widget\" data-widget_type=\"image.default\">\n\t\t\t\t<div class=\"elementor-widget-container\">\n\t\t\t\t\t\t\t\t\t\t\t\t\t\t\t<img loading=\"lazy\" decoding=\"async\" width=\"300\" height=\"272\" src=\"https:\/\/schoolastic-app.com\/wp-content\/uploads\/2021\/05\/selo-ranking-300x272-1.jpg\" class=\"attachment-large size-large wp-image-1277\" alt=\"Selo 100 Open Startups 2018\" \/>\t\t\t\t\t\t\t\t\t\t\t\t\t\t\t<\/div>\n\t\t\t\t<\/div>\n\t\t\t\t<div class=\"elementor-element elementor-element-59c96d8 elementor-widget__width-initial elementor-widget elementor-widget-image\" data-id=\"59c96d8\" data-element_type=\"widget\" data-widget_type=\"image.default\">\n\t\t\t\t<div class=\"elementor-widget-container\">\n\t\t\t\t\t\t\t\t\t\t\t\t\t\t\t<img loading=\"lazy\" decoding=\"async\" width=\"150\" height=\"150\" src=\"https:\/\/schoolastic-app.com\/wp-content\/uploads\/2021\/05\/top-5-innovation-awards-latam-big-data-schoolastic-2.png\" class=\"attachment-large size-large wp-image-1201\" alt=\"Selo TOP5 Innpovation Awards Latram 2018\" \/>\t\t\t\t\t\t\t\t\t\t\t\t\t\t\t<\/div>\n\t\t\t\t<\/div>\n\t\t\t\t<div class=\"elementor-element elementor-element-6c775fb elementor-widget__width-initial elementor-widget elementor-widget-image\" data-id=\"6c775fb\" data-element_type=\"widget\" data-widget_type=\"image.default\">\n\t\t\t\t<div class=\"elementor-widget-container\">\n\t\t\t\t\t\t\t\t\t\t\t\t\t\t\t<img loading=\"lazy\" decoding=\"async\" width=\"640\" height=\"334\" src=\"https:\/\/schoolastic-app.com\/wp-content\/uploads\/2021\/05\/Selo-Insights_Edtechs_Horizontal-1024x535-1.png\" class=\"attachment-large size-large wp-image-1199\" alt=\"Selo da Liga Insights edtech destaque\" srcset=\"https:\/\/schoolastic-app.com\/wp-content\/uploads\/2021\/05\/Selo-Insights_Edtechs_Horizontal-1024x535-1.png 1024w, https:\/\/schoolastic-app.com\/wp-content\/uploads\/2021\/05\/Selo-Insights_Edtechs_Horizontal-1024x535-1-300x157.png 300w, https:\/\/schoolastic-app.com\/wp-content\/uploads\/2021\/05\/Selo-Insights_Edtechs_Horizontal-1024x535-1-768x401.png 768w\" sizes=\"(max-width: 640px) 100vw, 640px\" \/>\t\t\t\t\t\t\t\t\t\t\t\t\t\t\t<\/div>\n\t\t\t\t<\/div>\n\t\t\t\t\t<\/div>\n\t\t<\/div>\n\t\t\t\t\t<\/div>\n\t\t<\/section>\n\t\t\t\t<section class=\"elementor-section elementor-top-section elementor-element elementor-element-7a3c394 elementor-section-boxed elementor-section-height-default elementor-section-height-default\" data-id=\"7a3c394\" data-element_type=\"section\" data-settings=\"{&quot;background_background&quot;:&quot;classic&quot;}\">\n\t\t\t\t\t\t\t<div class=\"elementor-background-overlay\"><\/div>\n\t\t\t\t\t\t\t<div class=\"elementor-container elementor-column-gap-wide\">\n\t\t\t\t\t<div class=\"elementor-column elementor-col-50 elementor-top-column elementor-element elementor-element-9ac0f91\" data-id=\"9ac0f91\" data-element_type=\"column\">\n\t\t\t<div class=\"elementor-widget-wrap elementor-element-populated\">\n\t\t\t\t\t\t<div class=\"elementor-element elementor-element-bbeb2cb elementor-widget elementor-widget-heading\" data-id=\"bbeb2cb\" data-element_type=\"widget\" data-widget_type=\"heading.default\">\n\t\t\t\t<div class=\"elementor-widget-container\">\n\t\t\t\t\t<h2 class=\"elementor-heading-title elementor-size-default\">veja tamb\u00e9m os<\/h2>\t\t\t\t<\/div>\n\t\t\t\t<\/div>\n\t\t\t\t<div class=\"elementor-element elementor-element-8244af4 elementor-widget elementor-widget-heading\" data-id=\"8244af4\" data-element_type=\"widget\" data-widget_type=\"heading.default\">\n\t\t\t\t<div class=\"elementor-widget-container\">\n\t\t\t\t\t<h2 class=\"elementor-heading-title elementor-size-default\">Programas de acelera\u00e7\u00e3o<\/h2>\t\t\t\t<\/div>\n\t\t\t\t<\/div>\n\t\t\t\t<div class=\"elementor-element elementor-element-cb41bde elementor-widget elementor-widget-text-editor\" data-id=\"cb41bde\" data-element_type=\"widget\" data-widget_type=\"text-editor.default\">\n\t\t\t\t<div class=\"elementor-widget-container\">\n\t\t\t\t\t\t\t\t\t<p>Nos ensinaram muito e fomos destaques dos demodays!<\/p>\t\t\t\t\t\t\t\t<\/div>\n\t\t\t\t<\/div>\n\t\t\t\t\t<\/div>\n\t\t<\/div>\n\t\t\t\t<div class=\"elementor-column elementor-col-50 elementor-top-column elementor-element elementor-element-d3dd6a2\" data-id=\"d3dd6a2\" data-element_type=\"column\">\n\t\t\t<div class=\"elementor-widget-wrap elementor-element-populated\">\n\t\t\t\t\t\t<div class=\"elementor-element elementor-element-c56621d elementor-widget__width-initial elementor-widget elementor-widget-image\" data-id=\"c56621d\" data-element_type=\"widget\" data-widget_type=\"image.default\">\n\t\t\t\t<div class=\"elementor-widget-container\">\n\t\t\t\t\t\t\t\t\t\t\t\t\t\t\t<img loading=\"lazy\" decoding=\"async\" width=\"640\" height=\"836\" src=\"https:\/\/schoolastic-app.com\/wp-content\/uploads\/2021\/05\/922cc482-62be-4d19-b486-f21289469b8e-784x1024.png\" class=\"attachment-large size-large wp-image-1207\" alt=\"Programa de acelera\u00e7\u00e3o BraziLab\" srcset=\"https:\/\/schoolastic-app.com\/wp-content\/uploads\/2021\/05\/922cc482-62be-4d19-b486-f21289469b8e-784x1024.png 784w, https:\/\/schoolastic-app.com\/wp-content\/uploads\/2021\/05\/922cc482-62be-4d19-b486-f21289469b8e-230x300.png 230w, https:\/\/schoolastic-app.com\/wp-content\/uploads\/2021\/05\/922cc482-62be-4d19-b486-f21289469b8e-768x1004.png 768w, https:\/\/schoolastic-app.com\/wp-content\/uploads\/2021\/05\/922cc482-62be-4d19-b486-f21289469b8e-1176x1536.png 1176w, https:\/\/schoolastic-app.com\/wp-content\/uploads\/2021\/05\/922cc482-62be-4d19-b486-f21289469b8e.png 1399w\" sizes=\"(max-width: 640px) 100vw, 640px\" \/>\t\t\t\t\t\t\t\t\t\t\t\t\t\t\t<\/div>\n\t\t\t\t<\/div>\n\t\t\t\t<div class=\"elementor-element elementor-element-eabe62e elementor-widget__width-initial elementor-widget elementor-widget-image\" data-id=\"eabe62e\" data-element_type=\"widget\" data-widget_type=\"image.default\">\n\t\t\t\t<div class=\"elementor-widget-container\">\n\t\t\t\t\t\t\t\t\t\t\t\t\t\t\t<img loading=\"lazy\" decoding=\"async\" width=\"256\" height=\"197\" src=\"https:\/\/schoolastic-app.com\/wp-content\/uploads\/2021\/05\/download-1.jpg\" class=\"attachment-large size-large wp-image-1203\" alt=\"Selo Inovativa Brasil\" \/>\t\t\t\t\t\t\t\t\t\t\t\t\t\t\t<\/div>\n\t\t\t\t<\/div>\n\t\t\t\t\t<\/div>\n\t\t<\/div>\n\t\t\t\t\t<\/div>\n\t\t<\/section>\n\t\t\t\t<section class=\"elementor-section elementor-top-section elementor-element elementor-element-e0dfec9 elementor-section-boxed elementor-section-height-default elementor-section-height-default\" data-id=\"e0dfec9\" data-element_type=\"section\" data-settings=\"{&quot;background_background&quot;:&quot;classic&quot;}\">\n\t\t\t\t\t\t\t<div class=\"elementor-background-overlay\"><\/div>\n\t\t\t\t\t\t\t<div class=\"elementor-container elementor-column-gap-wide\">\n\t\t\t\t\t<div class=\"elementor-column elementor-col-50 elementor-top-column elementor-element elementor-element-9369a2e\" data-id=\"9369a2e\" data-element_type=\"column\">\n\t\t\t<div class=\"elementor-widget-wrap elementor-element-populated\">\n\t\t\t\t\t\t<div class=\"elementor-element elementor-element-b23a0b8 elementor-widget elementor-widget-heading\" data-id=\"b23a0b8\" data-element_type=\"widget\" data-widget_type=\"heading.default\">\n\t\t\t\t<div class=\"elementor-widget-container\">\n\t\t\t\t\t<h2 class=\"elementor-heading-title elementor-size-default\">Atualmente estes s\u00e3o os nossos<\/h2>\t\t\t\t<\/div>\n\t\t\t\t<\/div>\n\t\t\t\t<div class=\"elementor-element elementor-element-9105c76 elementor-widget elementor-widget-heading\" data-id=\"9105c76\" data-element_type=\"widget\" data-widget_type=\"heading.default\">\n\t\t\t\t<div class=\"elementor-widget-container\">\n\t\t\t\t\t<h2 class=\"elementor-heading-title elementor-size-default\">Ecossistemas<\/h2>\t\t\t\t<\/div>\n\t\t\t\t<\/div>\n\t\t\t\t<div class=\"elementor-element elementor-element-aed1a6d elementor-widget elementor-widget-text-editor\" data-id=\"aed1a6d\" data-element_type=\"widget\" data-widget_type=\"text-editor.default\">\n\t\t\t\t<div class=\"elementor-widget-container\">\n\t\t\t\t\t\t\t\t\t<p>Nos apoiam intensamente!<\/p>\t\t\t\t\t\t\t\t<\/div>\n\t\t\t\t<\/div>\n\t\t\t\t\t<\/div>\n\t\t<\/div>\n\t\t\t\t<div class=\"elementor-column elementor-col-50 elementor-top-column elementor-element elementor-element-70fb0ab\" data-id=\"70fb0ab\" data-element_type=\"column\">\n\t\t\t<div class=\"elementor-widget-wrap elementor-element-populated\">\n\t\t\t\t\t\t<div class=\"elementor-element elementor-element-e0b624c elementor-widget__width-initial elementor-widget elementor-widget-image\" data-id=\"e0b624c\" data-element_type=\"widget\" data-widget_type=\"image.default\">\n\t\t\t\t<div class=\"elementor-widget-container\">\n\t\t\t\t\t\t\t\t\t\t\t\t\t\t\t<img loading=\"lazy\" decoding=\"async\" width=\"640\" height=\"293\" src=\"https:\/\/schoolastic-app.com\/wp-content\/uploads\/2024\/03\/R-1.png\" class=\"attachment-large size-large wp-image-4024\" alt=\"\" srcset=\"https:\/\/schoolastic-app.com\/wp-content\/uploads\/2024\/03\/R-1.png 763w, https:\/\/schoolastic-app.com\/wp-content\/uploads\/2024\/03\/R-1-300x137.png 300w\" sizes=\"(max-width: 640px) 100vw, 640px\" \/>\t\t\t\t\t\t\t\t\t\t\t\t\t\t\t<\/div>\n\t\t\t\t<\/div>\n\t\t\t\t<div class=\"elementor-element elementor-element-8bbccb9 elementor-widget__width-initial elementor-widget elementor-widget-image\" data-id=\"8bbccb9\" data-element_type=\"widget\" data-widget_type=\"image.default\">\n\t\t\t\t<div class=\"elementor-widget-container\">\n\t\t\t\t\t\t\t\t\t\t\t\t\t\t\t<img loading=\"lazy\" decoding=\"async\" width=\"440\" height=\"200\" src=\"https:\/\/schoolastic-app.com\/wp-content\/uploads\/2024\/03\/pitsjc-logocor-horizontal@2x.png\" class=\"attachment-large size-large wp-image-4025\" alt=\"\" srcset=\"https:\/\/schoolastic-app.com\/wp-content\/uploads\/2024\/03\/pitsjc-logocor-horizontal@2x.png 440w, https:\/\/schoolastic-app.com\/wp-content\/uploads\/2024\/03\/pitsjc-logocor-horizontal@2x-300x136.png 300w\" sizes=\"(max-width: 440px) 100vw, 440px\" \/>\t\t\t\t\t\t\t\t\t\t\t\t\t\t\t<\/div>\n\t\t\t\t<\/div>\n\t\t\t\t<div class=\"elementor-element elementor-element-3443353 elementor-widget__width-initial elementor-widget elementor-widget-image\" data-id=\"3443353\" data-element_type=\"widget\" data-widget_type=\"image.default\">\n\t\t\t\t<div class=\"elementor-widget-container\">\n\t\t\t\t\t\t\t\t\t\t\t\t\t\t\t<img loading=\"lazy\" decoding=\"async\" width=\"346\" height=\"146\" src=\"https:\/\/schoolastic-app.com\/wp-content\/uploads\/2021\/05\/download.png\" class=\"attachment-large size-large wp-image-1213\" alt=\"Microsoft for Startups\" srcset=\"https:\/\/schoolastic-app.com\/wp-content\/uploads\/2021\/05\/download.png 346w, https:\/\/schoolastic-app.com\/wp-content\/uploads\/2021\/05\/download-300x127.png 300w\" sizes=\"(max-width: 346px) 100vw, 346px\" \/>\t\t\t\t\t\t\t\t\t\t\t\t\t\t\t<\/div>\n\t\t\t\t<\/div>\n\t\t\t\t<div class=\"elementor-element elementor-element-cbfee68 elementor-widget__width-initial elementor-widget elementor-widget-image\" data-id=\"cbfee68\" data-element_type=\"widget\" data-widget_type=\"image.default\">\n\t\t\t\t<div class=\"elementor-widget-container\">\n\t\t\t\t\t\t\t\t\t\t\t\t\t\t\t<img loading=\"lazy\" decoding=\"async\" width=\"620\" height=\"674\" src=\"https:\/\/schoolastic-app.com\/wp-content\/uploads\/2021\/05\/0b20cc57-30e1-411f-bcb9-005e8ee65513.jpg\" class=\"attachment-large size-large wp-image-1211\" alt=\"IDEXO\" srcset=\"https:\/\/schoolastic-app.com\/wp-content\/uploads\/2021\/05\/0b20cc57-30e1-411f-bcb9-005e8ee65513.jpg 620w, https:\/\/schoolastic-app.com\/wp-content\/uploads\/2021\/05\/0b20cc57-30e1-411f-bcb9-005e8ee65513-276x300.jpg 276w\" sizes=\"(max-width: 620px) 100vw, 620px\" \/>\t\t\t\t\t\t\t\t\t\t\t\t\t\t\t<\/div>\n\t\t\t\t<\/div>\n\t\t\t\t\t<\/div>\n\t\t<\/div>\n\t\t\t\t\t<\/div>\n\t\t<\/section>\n\t\t\t\t<section class=\"elementor-section elementor-top-section elementor-element elementor-element-2230a12 elementor-section-boxed elementor-section-height-default elementor-section-height-default\" data-id=\"2230a12\" data-element_type=\"section\">\n\t\t\t\t\t\t<div class=\"elementor-container elementor-column-gap-default\">\n\t\t\t\t\t<div class=\"elementor-column elementor-col-100 elementor-top-column elementor-element elementor-element-c1b46c1\" data-id=\"c1b46c1\" data-element_type=\"column\">\n\t\t\t<div class=\"elementor-widget-wrap elementor-element-populated\">\n\t\t\t\t\t\t<div class=\"elementor-element elementor-element-bf2496b elementor-widget elementor-widget-image\" data-id=\"bf2496b\" data-element_type=\"widget\" data-widget_type=\"image.default\">\n\t\t\t\t<div class=\"elementor-widget-container\">\n\t\t\t\t\t\t\t\t\t\t\t\t\t\t\t<img loading=\"lazy\" decoding=\"async\" width=\"171\" height=\"191\" src=\"https:\/\/schoolastic-app.com\/wp-content\/uploads\/2021\/05\/Be-novo.png\" class=\"attachment-medium size-medium wp-image-2687\" alt=\"Compet\u00eancias Socioemocionais da BNCC\" \/>\t\t\t\t\t\t\t\t\t\t\t\t\t\t\t<\/div>\n\t\t\t\t<\/div>\n\t\t\t\t<div class=\"elementor-element elementor-element-cefd236 elementor-align-left elementor-widget elementor-widget-button\" data-id=\"cefd236\" data-element_type=\"widget\" data-widget_type=\"button.default\">\n\t\t\t\t<div class=\"elementor-widget-container\">\n\t\t\t\t\t\t\t\t\t<div class=\"elementor-button-wrapper\">\n\t\t\t\t\t<a class=\"elementor-button elementor-button-link elementor-size-md\" href=\"https:\/\/schoolastic-app.com\/?page_id=1161\">\n\t\t\t\t\t\t<span class=\"elementor-button-content-wrapper\">\n\t\t\t\t\t\t\t\t\t<span class=\"elementor-button-text\">quer falar conosco? Pode puxar o papo clicando aqui!<\/span>\n\t\t\t\t\t<\/span>\n\t\t\t\t\t<\/a>\n\t\t\t\t<\/div>\n\t\t\t\t\t\t\t\t<\/div>\n\t\t\t\t<\/div>\n\t\t\t\t\t<\/div>\n\t\t<\/div>\n\t\t\t\t\t<\/div>\n\t\t<\/section>\n\t\t\t\t<\/div>\n\t\t","protected":false},"excerpt":{"rendered":"<p>D\u00e1 uma olhada em algumas das Nossas Conquistas Motivo de orgulho para n\u00f3s! veja tamb\u00e9m os Programas de acelera\u00e7\u00e3o Nos ensinaram muito e fomos destaques dos demodays! Atualmente estes s\u00e3o os nossos Ecossistemas Nos apoiam intensamente! quer falar conosco? Pode puxar o papo clicando aqui!<\/p>\n","protected":false},"author":1,"featured_media":0,"parent":0,"menu_order":0,"comment_status":"closed","ping_status":"closed","template":"","meta":{"_monsterinsights_skip_tracking":false,"_monsterinsights_sitenote_active":false,"_monsterinsights_sitenote_note":"","_monsterinsights_sitenote_category":0,"footnotes":""},"class_list":["post-804","page","type-page","status-publish","hentry"],"translation":{"provider":"WPGlobus","version":"3.0.0","language":"en","enabled_languages":["br","en"],"languages":{"br":{"title":true,"content":true,"excerpt":false},"en":{"title":false,"content":false,"excerpt":false}}},"_links":{"self":[{"href":"https:\/\/schoolastic-app.com\/en\/wp-json\/wp\/v2\/pages\/804","targetHints":{"allow":["GET"]}}],"collection":[{"href":"https:\/\/schoolastic-app.com\/en\/wp-json\/wp\/v2\/pages"}],"about":[{"href":"https:\/\/schoolastic-app.com\/en\/wp-json\/wp\/v2\/types\/page"}],"author":[{"embeddable":true,"href":"https:\/\/schoolastic-app.com\/en\/wp-json\/wp\/v2\/users\/1"}],"replies":[{"embeddable":true,"href":"https:\/\/schoolastic-app.com\/en\/wp-json\/wp\/v2\/comments?post=804"}],"version-history":[{"count":6,"href":"https:\/\/schoolastic-app.com\/en\/wp-json\/wp\/v2\/pages\/804\/revisions"}],"predecessor-version":[{"id":4036,"href":"https:\/\/schoolastic-app.com\/en\/wp-json\/wp\/v2\/pages\/804\/revisions\/4036"}],"wp:attachment":[{"href":"https:\/\/schoolastic-app.com\/en\/wp-json\/wp\/v2\/media?parent=804"}],"curies":[{"name":"wp","href":"https:\/\/api.w.org\/{rel}","templated":true}]}}